{"id":3122,"date":"2026-03-11T17:49:25","date_gmt":"2026-03-11T23:49:25","guid":{"rendered":"https:\/\/www.cesaraddario.com\/?page_id=3122"},"modified":"2026-04-15T15:31:31","modified_gmt":"2026-04-15T21:31:31","slug":"quienes-me-inspiran","status":"publish","type":"page","link":"https:\/\/cesaraddario.com\/en\/como-ayudo\/quienes-me-inspiran\/","title":{"rendered":"C\u00f3mo Ayudo &#8211; Qui\u00e9nes me inspiran"},"content":{"rendered":"<div data-elementor-type=\"wp-page\" data-elementor-id=\"3122\" class=\"elementor elementor-3122\">\n\t\t\t\t\t\t\t\t\t<section class=\"elementor-section elementor-top-section elementor-element elementor-element-c2cd349 elementor-section-boxed elementor-section-height-default elementor-section-height-default\" data-id=\"c2cd349\" data-element_type=\"section\" data-settings=\"{&quot;background_background&quot;:&quot;classic&quot;}\">\n\t\t\t\t\t\t<div class=\"elementor-container elementor-column-gap-default\">\n\t\t\t\t\t<div class=\"elementor-column elementor-col-50 elementor-top-column elementor-element elementor-element-c692d35\" data-id=\"c692d35\" data-element_type=\"column\">\n\t\t\t<div class=\"elementor-widget-wrap elementor-element-populated\">\n\t\t\t\t\t\t\t\t<section class=\"elementor-section elementor-inner-section elementor-element elementor-element-518d68f elementor-section-boxed elementor-section-height-default elementor-section-height-default\" data-id=\"518d68f\" data-element_type=\"section\">\n\t\t\t\t\t\t<div class=\"elementor-container elementor-column-gap-default\">\n\t\t\t\t\t<div class=\"elementor-column elementor-col-100 elementor-inner-column elementor-element elementor-element-b4eeafd\" data-id=\"b4eeafd\" data-element_type=\"column\">\n\t\t\t<div class=\"elementor-widget-wrap elementor-element-populated\">\n\t\t\t\t\t\t\t\t<div class=\"elementor-element elementor-element-d904b5e border-bottom-short elementor-widget__width-auto elementor-widget elementor-widget-heading\" data-id=\"d904b5e\" data-element_type=\"widget\" data-widget_type=\"heading.default\">\n\t\t\t\t<div class=\"elementor-widget-container\">\n\t\t\t<style>\/*! elementor - v3.9.0 - 06-12-2022 *\/\n.elementor-heading-title{padding:0;margin:0;line-height:1}.elementor-widget-heading .elementor-heading-title[class*=elementor-size-]>a{color:inherit;font-size:inherit;line-height:inherit}.elementor-widget-heading .elementor-heading-title.elementor-size-small{font-size:15px}.elementor-widget-heading .elementor-heading-title.elementor-size-medium{font-size:19px}.elementor-widget-heading .elementor-heading-title.elementor-size-large{font-size:29px}.elementor-widget-heading .elementor-heading-title.elementor-size-xl{font-size:39px}.elementor-widget-heading .elementor-heading-title.elementor-size-xxl{font-size:59px}<\/style><h2 class=\"elementor-heading-title elementor-size-default\">People who  <br> <span class=\"title-yellow\">inspire me <\/span><\/h2>\t\t<\/div>\n\t\t\t\t<\/div>\n\t\t\t\t\t<\/div>\n\t\t<\/div>\n\t\t\t\t\t\t\t<\/div>\n\t\t<\/section>\n\t\t\t\t<div class=\"elementor-element elementor-element-f87f90d elementor-widget elementor-widget-spacer\" data-id=\"f87f90d\" data-element_type=\"widget\" data-widget_type=\"spacer.default\">\n\t\t\t\t<div class=\"elementor-widget-container\">\n\t\t\t<style>\/*! elementor - v3.9.0 - 06-12-2022 *\/\n.elementor-column .elementor-spacer-inner{height:var(--spacer-size)}.e-con{--container-widget-width:100%}.e-con-inner>.elementor-widget-spacer,.e-con>.elementor-widget-spacer{width:var(--container-widget-width,var(--spacer-size));--align-self:var(--container-widget-align-self,initial);--flex-shrink:0}.e-con-inner>.elementor-widget-spacer>.elementor-widget-container,.e-con-inner>.elementor-widget-spacer>.elementor-widget-container>.elementor-spacer,.e-con>.elementor-widget-spacer>.elementor-widget-container,.e-con>.elementor-widget-spacer>.elementor-widget-container>.elementor-spacer{height:100%}.e-con-inner>.elementor-widget-spacer>.elementor-widget-container>.elementor-spacer>.elementor-spacer-inner,.e-con>.elementor-widget-spacer>.elementor-widget-container>.elementor-spacer>.elementor-spacer-inner{height:var(--container-widget-height,var(--spacer-size))}<\/style>\t\t<div class=\"elementor-spacer\">\n\t\t\t<div class=\"elementor-spacer-inner\"><\/div>\n\t\t<\/div>\n\t\t\t\t<\/div>\n\t\t\t\t<\/div>\n\t\t\t\t<section class=\"elementor-section elementor-inner-section elementor-element elementor-element-250a864 elementor-section-boxed elementor-section-height-default elementor-section-height-default\" data-id=\"250a864\" data-element_type=\"section\">\n\t\t\t\t\t\t<div class=\"elementor-container elementor-column-gap-default\">\n\t\t\t\t\t<div class=\"elementor-column elementor-col-50 elementor-inner-column elementor-element elementor-element-bae31d9\" data-id=\"bae31d9\" data-element_type=\"column\" data-settings=\"{&quot;background_background&quot;:&quot;classic&quot;}\">\n\t\t\t<div class=\"elementor-widget-wrap elementor-element-populated\">\n\t\t\t\t\t\t\t\t<div class=\"elementor-element elementor-element-910f316 elementor-widget elementor-widget-image\" data-id=\"910f316\" data-element_type=\"widget\" data-widget_type=\"image.default\">\n\t\t\t\t<div class=\"elementor-widget-container\">\n\t\t\t<style>\/*! elementor - v3.9.0 - 06-12-2022 *\/\n.elementor-widget-image{text-align:center}.elementor-widget-image a{display:inline-block}.elementor-widget-image a img[src$=\".svg\"]{width:48px}.elementor-widget-image img{vertical-align:middle;display:inline-block}<\/style>\t\t\t\t\t\t\t\t\t\t\t\t<img loading=\"lazy\" decoding=\"async\" width=\"101\" height=\"101\" src=\"https:\/\/cesaraddario.com\/wp-content\/uploads\/2026\/03\/img-inspiran-1.png\" class=\"attachment-large size-large wp-image-3134\" alt=\"\" srcset=\"https:\/\/cesaraddario.com\/wp-content\/uploads\/2026\/03\/img-inspiran-1.png 101w, https:\/\/cesaraddario.com\/wp-content\/uploads\/2026\/03\/img-inspiran-1-12x12.png 12w\" sizes=\"auto, (max-width: 101px) 100vw, 101px\" \/>\t\t\t\t\t\t\t\t\t\t\t\t\t\t\t<\/div>\n\t\t\t\t<\/div>\n\t\t\t\t<div class=\"elementor-element elementor-element-d288cd6 elementor-widget elementor-widget-text-editor\" data-id=\"d288cd6\" data-element_type=\"widget\" data-widget_type=\"text-editor.default\">\n\t\t\t\t<div class=\"elementor-widget-container\">\n\t\t\t<style>\/*! elementor - v3.9.0 - 06-12-2022 *\/\n.elementor-widget-text-editor.elementor-drop-cap-view-stacked .elementor-drop-cap{background-color:#818a91;color:#fff}.elementor-widget-text-editor.elementor-drop-cap-view-framed .elementor-drop-cap{color:#818a91;border:3px solid;background-color:transparent}.elementor-widget-text-editor:not(.elementor-drop-cap-view-default) .elementor-drop-cap{margin-top:8px}.elementor-widget-text-editor:not(.elementor-drop-cap-view-default) .elementor-drop-cap-letter{width:1em;height:1em}.elementor-widget-text-editor .elementor-drop-cap{float:left;text-align:center;line-height:1;font-size:50px}.elementor-widget-text-editor .elementor-drop-cap-letter{display:inline-block}<\/style>\t\t\t\t<p>Milton Friedman<\/p>\t\t\t\t\t\t<\/div>\n\t\t\t\t<\/div>\n\t\t\t\t<div class=\"elementor-element elementor-element-76d92d8 elementor-widget elementor-widget-text-editor\" data-id=\"76d92d8\" data-element_type=\"widget\" data-widget_type=\"text-editor.default\">\n\t\t\t\t<div class=\"elementor-widget-container\">\n\t\t\t\t\t\t\t<p>It inspires me because of its emphasis on economic discipline, accountability, and market efficiency. Its principles help explain how deregulation, competition, and monetary stability reduce distortions, attract investment, and generate sustainable growth in emerging economies.<\/p>\t\t\t\t\t\t<\/div>\n\t\t\t\t<\/div>\n\t\t\t\t\t<\/div>\n\t\t<\/div>\n\t\t\t\t<div class=\"elementor-column elementor-col-50 elementor-inner-column elementor-element elementor-element-e6e0b8a\" data-id=\"e6e0b8a\" data-element_type=\"column\" data-settings=\"{&quot;background_background&quot;:&quot;classic&quot;}\">\n\t\t\t<div class=\"elementor-widget-wrap elementor-element-populated\">\n\t\t\t\t\t\t\t\t<div class=\"elementor-element elementor-element-39eb9e3 elementor-widget elementor-widget-image\" data-id=\"39eb9e3\" data-element_type=\"widget\" data-widget_type=\"image.default\">\n\t\t\t\t<div class=\"elementor-widget-container\">\n\t\t\t\t\t\t\t\t\t\t\t\t\t\t\t<img loading=\"lazy\" decoding=\"async\" width=\"101\" height=\"101\" src=\"https:\/\/cesaraddario.com\/wp-content\/uploads\/2026\/03\/img-inspiran-2.png\" class=\"attachment-large size-large wp-image-3135\" alt=\"\" srcset=\"https:\/\/cesaraddario.com\/wp-content\/uploads\/2026\/03\/img-inspiran-2.png 101w, https:\/\/cesaraddario.com\/wp-content\/uploads\/2026\/03\/img-inspiran-2-12x12.png 12w\" sizes=\"auto, (max-width: 101px) 100vw, 101px\" \/>\t\t\t\t\t\t\t\t\t\t\t\t\t\t\t<\/div>\n\t\t\t\t<\/div>\n\t\t\t\t<div class=\"elementor-element elementor-element-a375d3a elementor-widget elementor-widget-text-editor\" data-id=\"a375d3a\" data-element_type=\"widget\" data-widget_type=\"text-editor.default\">\n\t\t\t\t<div class=\"elementor-widget-container\">\n\t\t\t\t\t\t\t<p>Ludwig von Mises<\/p>\t\t\t\t\t\t<\/div>\n\t\t\t\t<\/div>\n\t\t\t\t<div class=\"elementor-element elementor-element-9684b36 elementor-widget elementor-widget-text-editor\" data-id=\"9684b36\" data-element_type=\"widget\" data-widget_type=\"text-editor.default\">\n\t\t\t\t<div class=\"elementor-widget-container\">\n\t\t\t\t\t\t\t<p>He inspires me with his analysis of human behavior and his demonstration that without market prices, rational economic calculation is impossible. His ideas have helped me understand why excessive intervention leads to volatility, inefficiency, and barriers to development, especially in Latin American markets.<\/p>\t\t\t\t\t\t<\/div>\n\t\t\t\t<\/div>\n\t\t\t\t\t<\/div>\n\t\t<\/div>\n\t\t\t\t\t\t\t<\/div>\n\t\t<\/section>\n\t\t\t\t<div class=\"elementor-element elementor-element-03ef44b elementor-hidden-mobile elementor-widget elementor-widget-spacer\" data-id=\"03ef44b\" data-element_type=\"widget\" data-widget_type=\"spacer.default\">\n\t\t\t\t<div class=\"elementor-widget-container\">\n\t\t\t\t\t<div class=\"elementor-spacer\">\n\t\t\t<div class=\"elementor-spacer-inner\"><\/div>\n\t\t<\/div>\n\t\t\t\t<\/div>\n\t\t\t\t<\/div>\n\t\t\t\t<section class=\"elementor-section elementor-inner-section elementor-element elementor-element-a1dd6fe elementor-section-boxed elementor-section-height-default elementor-section-height-default\" data-id=\"a1dd6fe\" data-element_type=\"section\">\n\t\t\t\t\t\t<div class=\"elementor-container elementor-column-gap-default\">\n\t\t\t\t\t<div class=\"elementor-column elementor-col-50 elementor-inner-column elementor-element elementor-element-9b84947\" data-id=\"9b84947\" data-element_type=\"column\" data-settings=\"{&quot;background_background&quot;:&quot;classic&quot;}\">\n\t\t\t<div class=\"elementor-widget-wrap elementor-element-populated\">\n\t\t\t\t\t\t\t\t<div class=\"elementor-element elementor-element-ba54f08 elementor-widget elementor-widget-image\" data-id=\"ba54f08\" data-element_type=\"widget\" data-widget_type=\"image.default\">\n\t\t\t\t<div class=\"elementor-widget-container\">\n\t\t\t\t\t\t\t\t\t\t\t\t\t\t\t<img loading=\"lazy\" decoding=\"async\" width=\"101\" height=\"101\" src=\"https:\/\/cesaraddario.com\/wp-content\/uploads\/2026\/03\/img-inspiran-3.png\" class=\"attachment-large size-large wp-image-3136\" alt=\"\" srcset=\"https:\/\/cesaraddario.com\/wp-content\/uploads\/2026\/03\/img-inspiran-3.png 101w, https:\/\/cesaraddario.com\/wp-content\/uploads\/2026\/03\/img-inspiran-3-12x12.png 12w\" sizes=\"auto, (max-width: 101px) 100vw, 101px\" \/>\t\t\t\t\t\t\t\t\t\t\t\t\t\t\t<\/div>\n\t\t\t\t<\/div>\n\t\t\t\t<div class=\"elementor-element elementor-element-58afcaf elementor-widget elementor-widget-text-editor\" data-id=\"58afcaf\" data-element_type=\"widget\" data-widget_type=\"text-editor.default\">\n\t\t\t\t<div class=\"elementor-widget-container\">\n\t\t\t\t\t\t\t<p>James Buchanan<\/p>\t\t\t\t\t\t<\/div>\n\t\t\t\t<\/div>\n\t\t\t\t<div class=\"elementor-element elementor-element-df0d7a8 elementor-widget elementor-widget-text-editor\" data-id=\"df0d7a8\" data-element_type=\"widget\" data-widget_type=\"text-editor.default\">\n\t\t\t\t<div class=\"elementor-widget-container\">\n\t\t\t\t\t\t\t<p>I am inspired by his institutional approach and his analysis of incentives within public organizations. His work explains how poor regulations drive up economic costs and erode trust, underscoring the importance of clear and predictable institutional frameworks for long-term growth.<\/p>\t\t\t\t\t\t<\/div>\n\t\t\t\t<\/div>\n\t\t\t\t\t<\/div>\n\t\t<\/div>\n\t\t\t\t<div class=\"elementor-column elementor-col-50 elementor-inner-column elementor-element elementor-element-e1bc0f8\" data-id=\"e1bc0f8\" data-element_type=\"column\" data-settings=\"{&quot;background_background&quot;:&quot;classic&quot;}\">\n\t\t\t<div class=\"elementor-widget-wrap elementor-element-populated\">\n\t\t\t\t\t\t\t\t<div class=\"elementor-element elementor-element-436fbdc elementor-widget elementor-widget-image\" data-id=\"436fbdc\" data-element_type=\"widget\" data-widget_type=\"image.default\">\n\t\t\t\t<div class=\"elementor-widget-container\">\n\t\t\t\t\t\t\t\t\t\t\t\t\t\t\t<img loading=\"lazy\" decoding=\"async\" width=\"101\" height=\"101\" src=\"https:\/\/cesaraddario.com\/wp-content\/uploads\/2026\/03\/img-inspiran-4.png\" class=\"attachment-large size-large wp-image-3137\" alt=\"\" srcset=\"https:\/\/cesaraddario.com\/wp-content\/uploads\/2026\/03\/img-inspiran-4.png 101w, https:\/\/cesaraddario.com\/wp-content\/uploads\/2026\/03\/img-inspiran-4-12x12.png 12w\" sizes=\"auto, (max-width: 101px) 100vw, 101px\" \/>\t\t\t\t\t\t\t\t\t\t\t\t\t\t\t<\/div>\n\t\t\t\t<\/div>\n\t\t\t\t<div class=\"elementor-element elementor-element-21ad877 elementor-widget elementor-widget-text-editor\" data-id=\"21ad877\" data-element_type=\"widget\" data-widget_type=\"text-editor.default\">\n\t\t\t\t<div class=\"elementor-widget-container\">\n\t\t\t\t\t\t\t<p>Ronald Coase<\/p>\t\t\t\t\t\t<\/div>\n\t\t\t\t<\/div>\n\t\t\t\t<div class=\"elementor-element elementor-element-c40104c elementor-widget elementor-widget-text-editor\" data-id=\"c40104c\" data-element_type=\"widget\" data-widget_type=\"text-editor.default\">\n\t\t\t\t<div class=\"elementor-widget-container\">\n\t\t\t\t\t\t\t<p>He inspires me with his pragmatic view of efficiency, transaction costs, and property rights. His ideas show how markets can solve complex problems when the rules are clearly defined, <br \/>a key factor in sectors such as energy, <br \/>infrastructure and services.<\/p>\t\t\t\t\t\t<\/div>\n\t\t\t\t<\/div>\n\t\t\t\t\t<\/div>\n\t\t<\/div>\n\t\t\t\t\t\t\t<\/div>\n\t\t<\/section>\n\t\t\t\t<div class=\"elementor-element elementor-element-c15e96b elementor-widget elementor-widget-spacer\" data-id=\"c15e96b\" data-element_type=\"widget\" data-widget_type=\"spacer.default\">\n\t\t\t\t<div class=\"elementor-widget-container\">\n\t\t\t\t\t<div class=\"elementor-spacer\">\n\t\t\t<div class=\"elementor-spacer-inner\"><\/div>\n\t\t<\/div>\n\t\t\t\t<\/div>\n\t\t\t\t<\/div>\n\t\t\t\t\t<\/div>\n\t\t<\/div>\n\t\t\t\t<div class=\"elementor-column elementor-col-50 elementor-top-column elementor-element elementor-element-9cf8198\" data-id=\"9cf8198\" data-element_type=\"column\">\n\t\t\t<div class=\"elementor-widget-wrap elementor-element-populated\">\n\t\t\t\t\t\t\t\t<div class=\"elementor-element elementor-element-0e14426 elementor-hidden-mobile elementor-widget elementor-widget-spacer\" data-id=\"0e14426\" data-element_type=\"widget\" data-widget_type=\"spacer.default\">\n\t\t\t\t<div class=\"elementor-widget-container\">\n\t\t\t\t\t<div class=\"elementor-spacer\">\n\t\t\t<div class=\"elementor-spacer-inner\"><\/div>\n\t\t<\/div>\n\t\t\t\t<\/div>\n\t\t\t\t<\/div>\n\t\t\t\t<div class=\"elementor-element elementor-element-76dc0a8 elementor-widget elementor-widget-image\" data-id=\"76dc0a8\" data-element_type=\"widget\" data-widget_type=\"image.default\">\n\t\t\t\t<div class=\"elementor-widget-container\">\n\t\t\t\t\t\t\t\t\t\t\t\t\t\t\t<img loading=\"lazy\" decoding=\"async\" width=\"800\" height=\"908\" src=\"https:\/\/cesaraddario.com\/wp-content\/uploads\/2026\/03\/img-inspiran-5-1-902x1024.png\" class=\"attachment-large size-large wp-image-3152\" alt=\"\" srcset=\"https:\/\/cesaraddario.com\/wp-content\/uploads\/2026\/03\/img-inspiran-5-1-902x1024.png 902w, https:\/\/cesaraddario.com\/wp-content\/uploads\/2026\/03\/img-inspiran-5-1-264x300.png 264w, https:\/\/cesaraddario.com\/wp-content\/uploads\/2026\/03\/img-inspiran-5-1-768x872.png 768w, https:\/\/cesaraddario.com\/wp-content\/uploads\/2026\/03\/img-inspiran-5-1-11x12.png 11w, https:\/\/cesaraddario.com\/wp-content\/uploads\/2026\/03\/img-inspiran-5-1.png 1057w\" sizes=\"auto, (max-width: 800px) 100vw, 800px\" \/>\t\t\t\t\t\t\t\t\t\t\t\t\t\t\t<\/div>\n\t\t\t\t<\/div>\n\t\t\t\t\t<\/div>\n\t\t<\/div>\n\t\t\t\t\t\t\t<\/div>\n\t\t<\/section>\n\t\t\t\t\t\t\t<\/div>","protected":false},"excerpt":{"rendered":"<p>Qui\u00e9nes me inspiran Milton Friedman Me inspira por su \u00e9nfasis en la disciplina econ\u00f3mica, la responsabilidad y la eficiencia de los mercados. Sus principios ayudan a entender c\u00f3mo la desregulaci\u00f3n, la competencia y la estabilidad monetaria reducen distorsiones, atraen inversi\u00f3n y generan crecimiento sostenible en econom\u00edas emergentes. Ludwig von Mises Me inspira por su an\u00e1lisis [&hellip;]<\/p>","protected":false},"author":2,"featured_media":0,"parent":3019,"menu_order":2,"comment_status":"closed","ping_status":"closed","template":"elementor_header_footer","meta":{"footnotes":"","_links_to":"","_links_to_target":""},"class_list":["post-3122","page","type-page","status-publish","hentry"],"acf":[],"yoast_head":"<!-- This site is optimized with the Yoast SEO plugin v19.12 - https:\/\/yoast.com\/wordpress\/plugins\/seo\/ -->\n<title>C\u00f3mo Ayudo - Qui\u00e9nes me inspiran - C\u00e9sar Addario<\/title>\n<meta name=\"description\" content=\"Qui\u00e9nes me inspiran: Milton Friedman, Ludwing Von Mises, James Buchanan, Ronald Coase.\" \/>\n<meta name=\"robots\" content=\"index, follow, max-snippet:-1, max-image-preview:large, max-video-preview:-1\" \/>\n<link rel=\"canonical\" href=\"https:\/\/www.cesaraddario.com\/como-ayudo\/quienes-me-inspiran\/\" \/>\n<meta property=\"og:locale\" content=\"en_US\" \/>\n<meta property=\"og:type\" content=\"article\" \/>\n<meta property=\"og:title\" content=\"C\u00f3mo Ayudo - Qui\u00e9nes me inspiran - C\u00e9sar Addario\" \/>\n<meta property=\"og:description\" content=\"Qui\u00e9nes me inspiran: Milton Friedman, Ludwing Von Mises, James Buchanan, Ronald Coase.\" \/>\n<meta property=\"og:url\" content=\"https:\/\/www.cesaraddario.com\/como-ayudo\/quienes-me-inspiran\/\" \/>\n<meta property=\"og:site_name\" content=\"C\u00e9sar Addario\" \/>\n<meta property=\"article:modified_time\" content=\"2026-04-15T21:31:31+00:00\" \/>\n<meta property=\"og:image\" content=\"https:\/\/www.cesaraddario.com\/wp-content\/uploads\/2026\/03\/img-inspiran-1.png\" \/>\n<meta name=\"twitter:card\" content=\"summary_large_image\" \/>\n<meta name=\"twitter:label1\" content=\"Est. reading time\" \/>\n\t<meta name=\"twitter:data1\" content=\"2 minutes\" \/>\n<script type=\"application\/ld+json\" class=\"yoast-schema-graph\">{\"@context\":\"https:\/\/schema.org\",\"@graph\":[{\"@type\":\"WebPage\",\"@id\":\"https:\/\/www.cesaraddario.com\/como-ayudo\/quienes-me-inspiran\/\",\"url\":\"https:\/\/www.cesaraddario.com\/como-ayudo\/quienes-me-inspiran\/\",\"name\":\"C\u00f3mo Ayudo - Qui\u00e9nes me inspiran - C\u00e9sar Addario\",\"isPartOf\":{\"@id\":\"https:\/\/www.cesaraddario.com\/#website\"},\"datePublished\":\"2026-03-11T23:49:25+00:00\",\"dateModified\":\"2026-04-15T21:31:31+00:00\",\"description\":\"Qui\u00e9nes me inspiran: Milton Friedman, Ludwing Von Mises, James Buchanan, Ronald Coase.\",\"breadcrumb\":{\"@id\":\"https:\/\/www.cesaraddario.com\/como-ayudo\/quienes-me-inspiran\/#breadcrumb\"},\"inLanguage\":\"en-US\",\"potentialAction\":[{\"@type\":\"ReadAction\",\"target\":[\"https:\/\/www.cesaraddario.com\/como-ayudo\/quienes-me-inspiran\/\"]}]},{\"@type\":\"BreadcrumbList\",\"@id\":\"https:\/\/www.cesaraddario.com\/como-ayudo\/quienes-me-inspiran\/#breadcrumb\",\"itemListElement\":[{\"@type\":\"ListItem\",\"position\":1,\"name\":\"C\u00f3mo Ayudo\",\"item\":\"https:\/\/www.cesaraddario.com\/como-ayudo\/\"},{\"@type\":\"ListItem\",\"position\":2,\"name\":\"C\u00f3mo Ayudo &#8211; Qui\u00e9nes me inspiran\"}]},{\"@type\":\"WebSite\",\"@id\":\"https:\/\/www.cesaraddario.com\/#website\",\"url\":\"https:\/\/www.cesaraddario.com\/\",\"name\":\"C\u00e9sar Addario\",\"description\":\"\",\"potentialAction\":[{\"@type\":\"SearchAction\",\"target\":{\"@type\":\"EntryPoint\",\"urlTemplate\":\"https:\/\/www.cesaraddario.com\/?s={search_term_string}\"},\"query-input\":\"required name=search_term_string\"}],\"inLanguage\":\"en-US\"}]}<\/script>\n<!-- \/ Yoast SEO plugin. -->","yoast_head_json":{"title":"C\u00f3mo Ayudo - Qui\u00e9nes me inspiran - C\u00e9sar Addario","description":"Qui\u00e9nes me inspiran: Milton Friedman, Ludwing Von Mises, James Buchanan, Ronald Coase.","robots":{"index":"index","follow":"follow","max-snippet":"max-snippet:-1","max-image-preview":"max-image-preview:large","max-video-preview":"max-video-preview:-1"},"canonical":"https:\/\/www.cesaraddario.com\/como-ayudo\/quienes-me-inspiran\/","og_locale":"en_US","og_type":"article","og_title":"C\u00f3mo Ayudo - Qui\u00e9nes me inspiran - C\u00e9sar Addario","og_description":"Qui\u00e9nes me inspiran: Milton Friedman, Ludwing Von Mises, James Buchanan, Ronald Coase.","og_url":"https:\/\/www.cesaraddario.com\/como-ayudo\/quienes-me-inspiran\/","og_site_name":"C\u00e9sar Addario","article_modified_time":"2026-04-15T21:31:31+00:00","og_image":[{"url":"https:\/\/www.cesaraddario.com\/wp-content\/uploads\/2026\/03\/img-inspiran-1.png"}],"twitter_card":"summary_large_image","twitter_misc":{"Est. reading time":"2 minutes"},"schema":{"@context":"https:\/\/schema.org","@graph":[{"@type":"WebPage","@id":"https:\/\/www.cesaraddario.com\/como-ayudo\/quienes-me-inspiran\/","url":"https:\/\/www.cesaraddario.com\/como-ayudo\/quienes-me-inspiran\/","name":"C\u00f3mo Ayudo - Qui\u00e9nes me inspiran - C\u00e9sar Addario","isPartOf":{"@id":"https:\/\/www.cesaraddario.com\/#website"},"datePublished":"2026-03-11T23:49:25+00:00","dateModified":"2026-04-15T21:31:31+00:00","description":"Qui\u00e9nes me inspiran: Milton Friedman, Ludwing Von Mises, James Buchanan, Ronald Coase.","breadcrumb":{"@id":"https:\/\/www.cesaraddario.com\/como-ayudo\/quienes-me-inspiran\/#breadcrumb"},"inLanguage":"en-US","potentialAction":[{"@type":"ReadAction","target":["https:\/\/www.cesaraddario.com\/como-ayudo\/quienes-me-inspiran\/"]}]},{"@type":"BreadcrumbList","@id":"https:\/\/www.cesaraddario.com\/como-ayudo\/quienes-me-inspiran\/#breadcrumb","itemListElement":[{"@type":"ListItem","position":1,"name":"C\u00f3mo Ayudo","item":"https:\/\/www.cesaraddario.com\/como-ayudo\/"},{"@type":"ListItem","position":2,"name":"C\u00f3mo Ayudo &#8211; Qui\u00e9nes me inspiran"}]},{"@type":"WebSite","@id":"https:\/\/www.cesaraddario.com\/#website","url":"https:\/\/www.cesaraddario.com\/","name":"C\u00e9sar Addario","description":"","potentialAction":[{"@type":"SearchAction","target":{"@type":"EntryPoint","urlTemplate":"https:\/\/www.cesaraddario.com\/?s={search_term_string}"},"query-input":"required name=search_term_string"}],"inLanguage":"en-US"}]}},"_links":{"self":[{"href":"https:\/\/cesaraddario.com\/en\/wp-json\/wp\/v2\/pages\/3122","targetHints":{"allow":["GET"]}}],"collection":[{"href":"https:\/\/cesaraddario.com\/en\/wp-json\/wp\/v2\/pages"}],"about":[{"href":"https:\/\/cesaraddario.com\/en\/wp-json\/wp\/v2\/types\/page"}],"author":[{"embeddable":true,"href":"https:\/\/cesaraddario.com\/en\/wp-json\/wp\/v2\/users\/2"}],"replies":[{"embeddable":true,"href":"https:\/\/cesaraddario.com\/en\/wp-json\/wp\/v2\/comments?post=3122"}],"version-history":[{"count":40,"href":"https:\/\/cesaraddario.com\/en\/wp-json\/wp\/v2\/pages\/3122\/revisions"}],"predecessor-version":[{"id":4213,"href":"https:\/\/cesaraddario.com\/en\/wp-json\/wp\/v2\/pages\/3122\/revisions\/4213"}],"up":[{"embeddable":true,"href":"https:\/\/cesaraddario.com\/en\/wp-json\/wp\/v2\/pages\/3019"}],"wp:attachment":[{"href":"https:\/\/cesaraddario.com\/en\/wp-json\/wp\/v2\/media?parent=3122"}],"curies":[{"name":"wp","href":"https:\/\/api.w.org\/{rel}","templated":true}]}}