{"id":3124,"date":"2026-03-11T17:50:32","date_gmt":"2026-03-11T23:50:32","guid":{"rendered":"https:\/\/www.cesaraddario.com\/?page_id=3124"},"modified":"2026-03-20T13:13:07","modified_gmt":"2026-03-20T19:13:07","slug":"mi-manifiesto","status":"publish","type":"page","link":"https:\/\/cesaraddario.com\/en\/como-ayudo\/mi-manifiesto\/","title":{"rendered":"C\u00f3mo Ayudo &#8211; Mi Manifiesto"},"content":{"rendered":"<div data-elementor-type=\"wp-page\" data-elementor-id=\"3124\" class=\"elementor elementor-3124\">\n\t\t\t\t\t\t\t\t\t<section class=\"elementor-section elementor-top-section elementor-element elementor-element-3a94bbc elementor-section-boxed elementor-section-height-default elementor-section-height-default\" data-id=\"3a94bbc\" data-element_type=\"section\" data-settings=\"{&quot;background_background&quot;:&quot;classic&quot;}\">\n\t\t\t\t\t\t<div class=\"elementor-container elementor-column-gap-default\">\n\t\t\t\t\t<div class=\"elementor-column elementor-col-50 elementor-top-column elementor-element elementor-element-5b535e2\" data-id=\"5b535e2\" data-element_type=\"column\">\n\t\t\t<div class=\"elementor-widget-wrap elementor-element-populated\">\n\t\t\t\t\t\t\t\t<section class=\"elementor-section elementor-inner-section elementor-element elementor-element-f1fef39 elementor-section-boxed elementor-section-height-default elementor-section-height-default\" data-id=\"f1fef39\" data-element_type=\"section\">\n\t\t\t\t\t\t<div class=\"elementor-container elementor-column-gap-default\">\n\t\t\t\t\t<div class=\"elementor-column elementor-col-100 elementor-inner-column elementor-element elementor-element-6985461\" data-id=\"6985461\" data-element_type=\"column\">\n\t\t\t<div class=\"elementor-widget-wrap elementor-element-populated\">\n\t\t\t\t\t\t\t\t<div class=\"elementor-element elementor-element-82e0c6a border-bottom-short elementor-widget__width-auto elementor-widget elementor-widget-heading\" data-id=\"82e0c6a\" data-element_type=\"widget\" data-widget_type=\"heading.default\">\n\t\t\t\t<div class=\"elementor-widget-container\">\n\t\t\t<style>\/*! elementor - v3.9.0 - 06-12-2022 *\/\n.elementor-heading-title{padding:0;margin:0;line-height:1}.elementor-widget-heading .elementor-heading-title[class*=elementor-size-]>a{color:inherit;font-size:inherit;line-height:inherit}.elementor-widget-heading .elementor-heading-title.elementor-size-small{font-size:15px}.elementor-widget-heading .elementor-heading-title.elementor-size-medium{font-size:19px}.elementor-widget-heading .elementor-heading-title.elementor-size-large{font-size:29px}.elementor-widget-heading .elementor-heading-title.elementor-size-xl{font-size:39px}.elementor-widget-heading .elementor-heading-title.elementor-size-xxl{font-size:59px}<\/style><h2 class=\"elementor-heading-title elementor-size-default\">My  <br> <span class=\"title-yellow\">manifesto <\/span><\/h2>\t\t<\/div>\n\t\t\t\t<\/div>\n\t\t\t\t\t<\/div>\n\t\t<\/div>\n\t\t\t\t\t\t\t<\/div>\n\t\t<\/section>\n\t\t\t\t<div class=\"elementor-element elementor-element-8cf0546 elementor-widget elementor-widget-spacer\" data-id=\"8cf0546\" data-element_type=\"widget\" data-widget_type=\"spacer.default\">\n\t\t\t\t<div class=\"elementor-widget-container\">\n\t\t\t<style>\/*! elementor - v3.9.0 - 06-12-2022 *\/\n.elementor-column .elementor-spacer-inner{height:var(--spacer-size)}.e-con{--container-widget-width:100%}.e-con-inner>.elementor-widget-spacer,.e-con>.elementor-widget-spacer{width:var(--container-widget-width,var(--spacer-size));--align-self:var(--container-widget-align-self,initial);--flex-shrink:0}.e-con-inner>.elementor-widget-spacer>.elementor-widget-container,.e-con-inner>.elementor-widget-spacer>.elementor-widget-container>.elementor-spacer,.e-con>.elementor-widget-spacer>.elementor-widget-container,.e-con>.elementor-widget-spacer>.elementor-widget-container>.elementor-spacer{height:100%}.e-con-inner>.elementor-widget-spacer>.elementor-widget-container>.elementor-spacer>.elementor-spacer-inner,.e-con>.elementor-widget-spacer>.elementor-widget-container>.elementor-spacer>.elementor-spacer-inner{height:var(--container-widget-height,var(--spacer-size))}<\/style>\t\t<div class=\"elementor-spacer\">\n\t\t\t<div class=\"elementor-spacer-inner\"><\/div>\n\t\t<\/div>\n\t\t\t\t<\/div>\n\t\t\t\t<\/div>\n\t\t\t\t<div class=\"elementor-element elementor-element-33d78f3 elementor-widget elementor-widget-image\" data-id=\"33d78f3\" data-element_type=\"widget\" data-widget_type=\"image.default\">\n\t\t\t\t<div class=\"elementor-widget-container\">\n\t\t\t<style>\/*! elementor - v3.9.0 - 06-12-2022 *\/\n.elementor-widget-image{text-align:center}.elementor-widget-image a{display:inline-block}.elementor-widget-image a img[src$=\".svg\"]{width:48px}.elementor-widget-image img{vertical-align:middle;display:inline-block}<\/style>\t\t\t\t\t\t\t\t\t\t\t\t<img loading=\"lazy\" decoding=\"async\" width=\"800\" height=\"800\" src=\"https:\/\/cesaraddario.com\/wp-content\/uploads\/2026\/03\/img-manifest-1.png\" class=\"attachment-large size-large wp-image-3163\" alt=\"\" srcset=\"https:\/\/cesaraddario.com\/wp-content\/uploads\/2026\/03\/img-manifest-1.png 1000w, https:\/\/cesaraddario.com\/wp-content\/uploads\/2026\/03\/img-manifest-1-300x300.png 300w, https:\/\/cesaraddario.com\/wp-content\/uploads\/2026\/03\/img-manifest-1-150x150.png 150w, https:\/\/cesaraddario.com\/wp-content\/uploads\/2026\/03\/img-manifest-1-768x768.png 768w, https:\/\/cesaraddario.com\/wp-content\/uploads\/2026\/03\/img-manifest-1-12x12.png 12w\" sizes=\"auto, (max-width: 800px) 100vw, 800px\" \/>\t\t\t\t\t\t\t\t\t\t\t\t\t\t\t<\/div>\n\t\t\t\t<\/div>\n\t\t\t\t\t<\/div>\n\t\t<\/div>\n\t\t\t\t<div class=\"elementor-column elementor-col-50 elementor-top-column elementor-element elementor-element-0fd04ef\" data-id=\"0fd04ef\" data-element_type=\"column\">\n\t\t\t<div class=\"elementor-widget-wrap elementor-element-populated\">\n\t\t\t\t\t\t\t\t<div class=\"elementor-element elementor-element-7d1e7a4 elementor-widget elementor-widget-image\" data-id=\"7d1e7a4\" data-element_type=\"widget\" data-widget_type=\"image.default\">\n\t\t\t\t<div class=\"elementor-widget-container\">\n\t\t\t\t\t\t\t\t\t\t\t\t\t\t\t<img loading=\"lazy\" decoding=\"async\" width=\"800\" height=\"724\" src=\"https:\/\/cesaraddario.com\/wp-content\/uploads\/2026\/03\/img-manifest-2-1024x927.png\" class=\"attachment-large size-large wp-image-3164\" alt=\"\" srcset=\"https:\/\/cesaraddario.com\/wp-content\/uploads\/2026\/03\/img-manifest-2-1024x927.png 1024w, https:\/\/cesaraddario.com\/wp-content\/uploads\/2026\/03\/img-manifest-2-300x271.png 300w, https:\/\/cesaraddario.com\/wp-content\/uploads\/2026\/03\/img-manifest-2-768x695.png 768w, https:\/\/cesaraddario.com\/wp-content\/uploads\/2026\/03\/img-manifest-2-13x12.png 13w, https:\/\/cesaraddario.com\/wp-content\/uploads\/2026\/03\/img-manifest-2.png 1326w\" sizes=\"auto, (max-width: 800px) 100vw, 800px\" \/>\t\t\t\t\t\t\t\t\t\t\t\t\t\t\t<\/div>\n\t\t\t\t<\/div>\n\t\t\t\t<div class=\"elementor-element elementor-element-c2e77ba elementor-widget elementor-widget-spacer\" data-id=\"c2e77ba\" data-element_type=\"widget\" data-widget_type=\"spacer.default\">\n\t\t\t\t<div class=\"elementor-widget-container\">\n\t\t\t\t\t<div class=\"elementor-spacer\">\n\t\t\t<div class=\"elementor-spacer-inner\"><\/div>\n\t\t<\/div>\n\t\t\t\t<\/div>\n\t\t\t\t<\/div>\n\t\t\t\t\t<\/div>\n\t\t<\/div>\n\t\t\t\t\t\t\t<\/div>\n\t\t<\/section>\n\t\t\t\t\t\t\t<\/div>","protected":false},"excerpt":{"rendered":"<p>Mi manifiesto<\/p>","protected":false},"author":2,"featured_media":0,"parent":3019,"menu_order":3,"comment_status":"closed","ping_status":"closed","template":"elementor_header_footer","meta":{"footnotes":"","_links_to":"","_links_to_target":""},"class_list":["post-3124","page","type-page","status-publish","hentry"],"acf":[],"yoast_head":"<!-- This site is optimized with the Yoast SEO plugin v19.12 - https:\/\/yoast.com\/wordpress\/plugins\/seo\/ -->\n<title>C\u00f3mo Ayudo - Mi Manifiesto - C\u00e9sar Addario<\/title>\n<meta name=\"description\" content=\"Como Economista Paraguayo, forjado en una naci\u00f3n que ha logrado combinar estabilidad macroecon\u00f3mica, bajo endeudamiento p\u00fablico\" \/>\n<meta name=\"robots\" content=\"index, follow, max-snippet:-1, max-image-preview:large, max-video-preview:-1\" \/>\n<link rel=\"canonical\" href=\"https:\/\/www.cesaraddario.com\/como-ayudo\/mi-manifiesto\/\" \/>\n<meta property=\"og:locale\" content=\"en_US\" \/>\n<meta property=\"og:type\" content=\"article\" \/>\n<meta property=\"og:title\" content=\"C\u00f3mo Ayudo - Mi Manifiesto - C\u00e9sar Addario\" \/>\n<meta property=\"og:description\" content=\"Como Economista Paraguayo, forjado en una naci\u00f3n que ha logrado combinar estabilidad macroecon\u00f3mica, bajo endeudamiento p\u00fablico\" \/>\n<meta property=\"og:url\" content=\"https:\/\/www.cesaraddario.com\/como-ayudo\/mi-manifiesto\/\" \/>\n<meta property=\"og:site_name\" content=\"C\u00e9sar Addario\" \/>\n<meta property=\"article:modified_time\" content=\"2026-03-20T19:13:07+00:00\" \/>\n<meta property=\"og:image\" content=\"https:\/\/www.cesaraddario.com\/wp-content\/uploads\/2026\/03\/img-manifest-1.png\" \/>\n<meta name=\"twitter:card\" content=\"summary_large_image\" \/>\n<meta name=\"twitter:label1\" content=\"Est. reading time\" \/>\n\t<meta name=\"twitter:data1\" content=\"1 minute\" \/>\n<script type=\"application\/ld+json\" class=\"yoast-schema-graph\">{\"@context\":\"https:\/\/schema.org\",\"@graph\":[{\"@type\":\"WebPage\",\"@id\":\"https:\/\/www.cesaraddario.com\/como-ayudo\/mi-manifiesto\/\",\"url\":\"https:\/\/www.cesaraddario.com\/como-ayudo\/mi-manifiesto\/\",\"name\":\"C\u00f3mo Ayudo - Mi Manifiesto - C\u00e9sar Addario\",\"isPartOf\":{\"@id\":\"https:\/\/www.cesaraddario.com\/#website\"},\"datePublished\":\"2026-03-11T23:50:32+00:00\",\"dateModified\":\"2026-03-20T19:13:07+00:00\",\"description\":\"Como Economista Paraguayo, forjado en una naci\u00f3n que ha logrado combinar estabilidad macroecon\u00f3mica, bajo endeudamiento p\u00fablico\",\"breadcrumb\":{\"@id\":\"https:\/\/www.cesaraddario.com\/como-ayudo\/mi-manifiesto\/#breadcrumb\"},\"inLanguage\":\"en-US\",\"potentialAction\":[{\"@type\":\"ReadAction\",\"target\":[\"https:\/\/www.cesaraddario.com\/como-ayudo\/mi-manifiesto\/\"]}]},{\"@type\":\"BreadcrumbList\",\"@id\":\"https:\/\/www.cesaraddario.com\/como-ayudo\/mi-manifiesto\/#breadcrumb\",\"itemListElement\":[{\"@type\":\"ListItem\",\"position\":1,\"name\":\"C\u00f3mo Ayudo\",\"item\":\"https:\/\/www.cesaraddario.com\/como-ayudo\/\"},{\"@type\":\"ListItem\",\"position\":2,\"name\":\"C\u00f3mo Ayudo &#8211; Mi Manifiesto\"}]},{\"@type\":\"WebSite\",\"@id\":\"https:\/\/www.cesaraddario.com\/#website\",\"url\":\"https:\/\/www.cesaraddario.com\/\",\"name\":\"C\u00e9sar Addario\",\"description\":\"\",\"potentialAction\":[{\"@type\":\"SearchAction\",\"target\":{\"@type\":\"EntryPoint\",\"urlTemplate\":\"https:\/\/www.cesaraddario.com\/?s={search_term_string}\"},\"query-input\":\"required name=search_term_string\"}],\"inLanguage\":\"en-US\"}]}<\/script>\n<!-- \/ Yoast SEO plugin. -->","yoast_head_json":{"title":"C\u00f3mo Ayudo - Mi Manifiesto - C\u00e9sar Addario","description":"Como Economista Paraguayo, forjado en una naci\u00f3n que ha logrado combinar estabilidad macroecon\u00f3mica, bajo endeudamiento p\u00fablico","robots":{"index":"index","follow":"follow","max-snippet":"max-snippet:-1","max-image-preview":"max-image-preview:large","max-video-preview":"max-video-preview:-1"},"canonical":"https:\/\/www.cesaraddario.com\/como-ayudo\/mi-manifiesto\/","og_locale":"en_US","og_type":"article","og_title":"C\u00f3mo Ayudo - Mi Manifiesto - C\u00e9sar Addario","og_description":"Como Economista Paraguayo, forjado en una naci\u00f3n que ha logrado combinar estabilidad macroecon\u00f3mica, bajo endeudamiento p\u00fablico","og_url":"https:\/\/www.cesaraddario.com\/como-ayudo\/mi-manifiesto\/","og_site_name":"C\u00e9sar Addario","article_modified_time":"2026-03-20T19:13:07+00:00","og_image":[{"url":"https:\/\/www.cesaraddario.com\/wp-content\/uploads\/2026\/03\/img-manifest-1.png"}],"twitter_card":"summary_large_image","twitter_misc":{"Est. reading time":"1 minute"},"schema":{"@context":"https:\/\/schema.org","@graph":[{"@type":"WebPage","@id":"https:\/\/www.cesaraddario.com\/como-ayudo\/mi-manifiesto\/","url":"https:\/\/www.cesaraddario.com\/como-ayudo\/mi-manifiesto\/","name":"C\u00f3mo Ayudo - Mi Manifiesto - C\u00e9sar Addario","isPartOf":{"@id":"https:\/\/www.cesaraddario.com\/#website"},"datePublished":"2026-03-11T23:50:32+00:00","dateModified":"2026-03-20T19:13:07+00:00","description":"Como Economista Paraguayo, forjado en una naci\u00f3n que ha logrado combinar estabilidad macroecon\u00f3mica, bajo endeudamiento p\u00fablico","breadcrumb":{"@id":"https:\/\/www.cesaraddario.com\/como-ayudo\/mi-manifiesto\/#breadcrumb"},"inLanguage":"en-US","potentialAction":[{"@type":"ReadAction","target":["https:\/\/www.cesaraddario.com\/como-ayudo\/mi-manifiesto\/"]}]},{"@type":"BreadcrumbList","@id":"https:\/\/www.cesaraddario.com\/como-ayudo\/mi-manifiesto\/#breadcrumb","itemListElement":[{"@type":"ListItem","position":1,"name":"C\u00f3mo Ayudo","item":"https:\/\/www.cesaraddario.com\/como-ayudo\/"},{"@type":"ListItem","position":2,"name":"C\u00f3mo Ayudo &#8211; Mi Manifiesto"}]},{"@type":"WebSite","@id":"https:\/\/www.cesaraddario.com\/#website","url":"https:\/\/www.cesaraddario.com\/","name":"C\u00e9sar Addario","description":"","potentialAction":[{"@type":"SearchAction","target":{"@type":"EntryPoint","urlTemplate":"https:\/\/www.cesaraddario.com\/?s={search_term_string}"},"query-input":"required name=search_term_string"}],"inLanguage":"en-US"}]}},"_links":{"self":[{"href":"https:\/\/cesaraddario.com\/en\/wp-json\/wp\/v2\/pages\/3124","targetHints":{"allow":["GET"]}}],"collection":[{"href":"https:\/\/cesaraddario.com\/en\/wp-json\/wp\/v2\/pages"}],"about":[{"href":"https:\/\/cesaraddario.com\/en\/wp-json\/wp\/v2\/types\/page"}],"author":[{"embeddable":true,"href":"https:\/\/cesaraddario.com\/en\/wp-json\/wp\/v2\/users\/2"}],"replies":[{"embeddable":true,"href":"https:\/\/cesaraddario.com\/en\/wp-json\/wp\/v2\/comments?post=3124"}],"version-history":[{"count":13,"href":"https:\/\/cesaraddario.com\/en\/wp-json\/wp\/v2\/pages\/3124\/revisions"}],"predecessor-version":[{"id":3889,"href":"https:\/\/cesaraddario.com\/en\/wp-json\/wp\/v2\/pages\/3124\/revisions\/3889"}],"up":[{"embeddable":true,"href":"https:\/\/cesaraddario.com\/en\/wp-json\/wp\/v2\/pages\/3019"}],"wp:attachment":[{"href":"https:\/\/cesaraddario.com\/en\/wp-json\/wp\/v2\/media?parent=3124"}],"curies":[{"name":"wp","href":"https:\/\/api.w.org\/{rel}","templated":true}]}}