{"id":3210,"date":"2026-03-12T09:14:55","date_gmt":"2026-03-12T15:14:55","guid":{"rendered":"https:\/\/www.cesaraddario.com\/?page_id=3210"},"modified":"2026-04-27T12:28:11","modified_gmt":"2026-04-27T18:28:11","slug":"politica-de-privacidad","status":"publish","type":"page","link":"https:\/\/cesaraddario.com\/en\/politica-de-privacidad\/","title":{"rendered":"Pol\u00edtica de privacidad"},"content":{"rendered":"<div data-elementor-type=\"wp-page\" data-elementor-id=\"3210\" class=\"elementor elementor-3210\">\n\t\t\t\t\t\t\t\t\t<section class=\"elementor-section elementor-top-section elementor-element elementor-element-1f43cd8 elementor-section-boxed elementor-section-height-default elementor-section-height-default\" data-id=\"1f43cd8\" data-element_type=\"section\" data-settings=\"{&quot;background_background&quot;:&quot;classic&quot;}\">\n\t\t\t\t\t\t<div class=\"elementor-container elementor-column-gap-default\">\n\t\t\t\t\t<div class=\"elementor-column elementor-col-100 elementor-top-column elementor-element elementor-element-777da23\" data-id=\"777da23\" data-element_type=\"column\">\n\t\t\t<div class=\"elementor-widget-wrap elementor-element-populated\">\n\t\t\t\t\t\t\t\t<div class=\"elementor-element elementor-element-383f38d elementor-widget elementor-widget-spacer\" data-id=\"383f38d\" data-element_type=\"widget\" data-widget_type=\"spacer.default\">\n\t\t\t\t<div class=\"elementor-widget-container\">\n\t\t\t<style>\/*! elementor - v3.9.0 - 06-12-2022 *\/\n.elementor-column .elementor-spacer-inner{height:var(--spacer-size)}.e-con{--container-widget-width:100%}.e-con-inner>.elementor-widget-spacer,.e-con>.elementor-widget-spacer{width:var(--container-widget-width,var(--spacer-size));--align-self:var(--container-widget-align-self,initial);--flex-shrink:0}.e-con-inner>.elementor-widget-spacer>.elementor-widget-container,.e-con-inner>.elementor-widget-spacer>.elementor-widget-container>.elementor-spacer,.e-con>.elementor-widget-spacer>.elementor-widget-container,.e-con>.elementor-widget-spacer>.elementor-widget-container>.elementor-spacer{height:100%}.e-con-inner>.elementor-widget-spacer>.elementor-widget-container>.elementor-spacer>.elementor-spacer-inner,.e-con>.elementor-widget-spacer>.elementor-widget-container>.elementor-spacer>.elementor-spacer-inner{height:var(--container-widget-height,var(--spacer-size))}<\/style>\t\t<div class=\"elementor-spacer\">\n\t\t\t<div class=\"elementor-spacer-inner\"><\/div>\n\t\t<\/div>\n\t\t\t\t<\/div>\n\t\t\t\t<\/div>\n\t\t\t\t<div class=\"elementor-element elementor-element-de9d99f elementor-widget elementor-widget-heading\" data-id=\"de9d99f\" data-element_type=\"widget\" data-widget_type=\"heading.default\">\n\t\t\t\t<div class=\"elementor-widget-container\">\n\t\t\t<style>\/*! elementor - v3.9.0 - 06-12-2022 *\/\n.elementor-heading-title{padding:0;margin:0;line-height:1}.elementor-widget-heading .elementor-heading-title[class*=elementor-size-]>a{color:inherit;font-size:inherit;line-height:inherit}.elementor-widget-heading .elementor-heading-title.elementor-size-small{font-size:15px}.elementor-widget-heading .elementor-heading-title.elementor-size-medium{font-size:19px}.elementor-widget-heading .elementor-heading-title.elementor-size-large{font-size:29px}.elementor-widget-heading .elementor-heading-title.elementor-size-xl{font-size:39px}.elementor-widget-heading .elementor-heading-title.elementor-size-xxl{font-size:59px}<\/style><h2 class=\"elementor-heading-title elementor-size-default\">Privacy Policy<\/h2>\t\t<\/div>\n\t\t\t\t<\/div>\n\t\t\t\t<div class=\"elementor-element elementor-element-11646a7 elementor-widget elementor-widget-text-editor\" data-id=\"11646a7\" data-element_type=\"widget\" data-widget_type=\"text-editor.default\">\n\t\t\t\t<div class=\"elementor-widget-container\">\n\t\t\t<style>\/*! elementor - v3.9.0 - 06-12-2022 *\/\n.elementor-widget-text-editor.elementor-drop-cap-view-stacked .elementor-drop-cap{background-color:#818a91;color:#fff}.elementor-widget-text-editor.elementor-drop-cap-view-framed .elementor-drop-cap{color:#818a91;border:3px solid;background-color:transparent}.elementor-widget-text-editor:not(.elementor-drop-cap-view-default) .elementor-drop-cap{margin-top:8px}.elementor-widget-text-editor:not(.elementor-drop-cap-view-default) .elementor-drop-cap-letter{width:1em;height:1em}.elementor-widget-text-editor .elementor-drop-cap{float:left;text-align:center;line-height:1;font-size:50px}.elementor-widget-text-editor .elementor-drop-cap-letter{display:inline-block}<\/style>\t\t\t\t<p><span style=\"font-family: FreeSans, sans-serif;\">&nbsp;<\/span><\/p>\n<p><span style=\"font-family: FreeSans, sans-serif;\">We value privacy, confidentiality, and the responsible use of personal information on this site. This Privacy Policy explains how we collect, use, store, and protect the personal data of individuals who visit this website, contact us, or interact with our content and forms. By using this site, you agree to the practices described in this Privacy Policy.<\/span><\/p>\n<p><span style=\"font-family: FreeSans, sans-serif;\">&nbsp;<\/span><\/p>\n<p><span style=\"font-family: FreeSans, sans-serif;\"><b>1. Data controller<\/b><\/span><\/p>\n<ul><li><span style=\"font-family: FreeSans, sans-serif;\">The data controller for the personal data collected through this site is: C\u00e9sar Addario<\/span><\/li><li>\n<span style=\"font-family: FreeSans, sans-serif;\">Website:&nbsp;<\/span><a href=\"https:\/\/cesaraddario.com\/en\/\" target=\"_blank\" rel=\"noopener\"><span style=\"color: #324a6d;\"><span style=\"font-family: FreeSans, sans-serif;\">Cesar Addario \u2013 Architect of Latin American economic development.<\/span><\/span><\/a><\/li><li>\n<span style=\"font-family: FreeSans, sans-serif;\">General contact email: info@cesaraddario.com<\/span><\/li><\/ul><div><br><\/div>\n<p><span style=\"font-family: FreeSans, sans-serif;\">If this site is operated by a company, foundation, firm, or other corporate entity, this section must be updated with the exact legal name of the responsible entity.<\/span><\/p>\n<p><span style=\"font-family: FreeSans, sans-serif;\">&nbsp;<\/span><\/p>\n<p><span style=\"font-family: FreeSans, sans-serif;\"><b>2. What information we collect<\/b><\/span><\/p>\n<p><span style=\"font-family: FreeSans, sans-serif;\">We may collect the following categories of information:<\/span><\/p>\n<p><span style=\"font-family: FreeSans, sans-serif;\">&nbsp;<\/span><\/p>\n<p><u><span style=\"font-family: FreeSans, sans-serif;\">a) Information you provide to us directly<\/span><\/u><\/p>\n<ul>\n<li><span style=\"font-family: FreeSans, sans-serif;\">First and last name<\/span><\/li>\n<li><span style=\"font-family: FreeSans, sans-serif;\">Email<\/span><\/li>\n<li><span style=\"font-family: FreeSans, sans-serif;\">Phone number<\/span><\/li>\n<li><span style=\"font-family: FreeSans, sans-serif;\">Company, position, or institution<\/span><\/li>\n<li><span style=\"font-family: FreeSans, sans-serif;\">Country or city<\/span><\/li>\n<li><span style=\"font-family: FreeSans, sans-serif;\">Reason for contacting us<\/span><\/li>\n<li><span style=\"font-family: FreeSans, sans-serif;\">Content of the message you are sending<\/span><\/li>\n<li><span style=\"font-family: FreeSans, sans-serif;\">Any other information you voluntarily provide in forms, emails, or requests<\/span><\/li>\n<\/ul>\n<p><span style=\"font-family: FreeSans, sans-serif;\">&nbsp;<\/span><\/p>\n<p><u><span style=\"font-family: FreeSans, sans-serif;\">b) Information collected automatically<\/span><\/u><\/p>\n<p><span style=\"font-family: FreeSans, sans-serif;\">When you browse this site, we may collect certain technical information, such as:<\/span><\/p>\n<ul>\n<li><span style=\"font-family: FreeSans, sans-serif;\">IP address<\/span><\/li>\n<li><span style=\"font-family: FreeSans, sans-serif;\">Browser and device type<\/span><\/li>\n<li><span style=\"font-family: FreeSans, sans-serif;\">Operating system<\/span><\/li>\n<li><span style=\"font-family: FreeSans, sans-serif;\">Pages viewed<\/span><\/li>\n<li><span style=\"font-family: FreeSans, sans-serif;\">Date and time of access<\/span><\/li>\n<li><span style=\"font-family: FreeSans, sans-serif;\">Sailing time<\/span><\/li>\n<li><span style=\"font-family: FreeSans, sans-serif;\">Reference site<\/span><\/li>\n<li><span style=\"font-family: FreeSans, sans-serif;\">Site interaction data<\/span><\/li>\n<\/ul>\n<p><span style=\"font-family: FreeSans, sans-serif;\">&nbsp;<\/span><\/p>\n<p><u><span style=\"font-family: FreeSans, sans-serif;\">c) Information collected through cookies and similar technologies<\/span><\/u><\/p>\n<p><span style=\"font-family: FreeSans, sans-serif;\">This site may use first-party and third-party cookies to ensure its proper functioning, security, traffic measurement, navigation analysis, and to improve the user experience.<\/span><\/p>\n<p><span style=\"font-family: FreeSans, sans-serif;\">&nbsp;<\/span><\/p>\n<p><b><span style=\"font-family: FreeSans, sans-serif;\">3<\/span><span style=\"font-family: FreeSans, sans-serif;\">. What we use the information for<\/span><\/b><\/p>\n<p><span style=\"font-family: FreeSans, sans-serif;\">We use personal data for the following purposes:<\/span><\/p>\n<ul>\n<li><span style=\"font-family: FreeSans, sans-serif;\">Respond to inquiries, contact requests, or press inquiries<\/span><\/li>\n<li><span style=\"font-family: FreeSans, sans-serif;\">Conduct professional, institutional, or business conversations<\/span><\/li>\n<li><span style=\"font-family: FreeSans, sans-serif;\">Coordinate meetings, interviews, conferences, or collaborations<\/span><\/li>\n<li><span style=\"font-family: FreeSans, sans-serif;\">Send the information requested by the user<\/span><\/li>\n<li><span style=\"font-family: FreeSans, sans-serif;\">Improve the site's functionality, security, content, and performance<\/span><\/li>\n<li><span style=\"font-family: FreeSans, sans-serif;\">Analyze browsing trends and website usage<\/span><\/li>\n<li><span style=\"font-family: FreeSans, sans-serif;\">To comply with applicable legal or regulatory obligations<\/span><\/li>\n<li><span style=\"font-family: FreeSans, sans-serif;\">Protecting our rights, security, and digital operations<\/span><\/li>\n<li><span style=\"font-family: FreeSans, sans-serif;\">Maintain an internal record of communications and track requests<\/span><\/li>\n<\/ul>\n<div>&nbsp;<\/div>\n<div>&nbsp;<\/div>\n<p><span style=\"font-family: FreeSans, sans-serif;\">If newsletters, subscriptions, material downloads, or informational campaigns are made available in the future, this policy must be updated to reflect those purposes.<\/span><\/p>\n<p><span style=\"font-family: FreeSans, sans-serif;\">&nbsp;<\/span><\/p>\n<p><span style=\"font-family: FreeSans, sans-serif;\"><b>4. Legal basis for processing<\/b><\/span><\/p>\n<p><span style=\"font-family: FreeSans, sans-serif;\">Where applicable, we process personal data based on one or more of the following grounds:<\/span><\/p>\n<ul>\n<li><span style=\"font-family: FreeSans, sans-serif;\">The data subject's consent<\/span><\/li>\n<li><span style=\"font-family: FreeSans, sans-serif;\">The performance of pre-contractual or contractual measures requested by the data subject<\/span><\/li>\n<li><span style=\"font-family: FreeSans, sans-serif;\">Our legitimate interest in managing, protecting, and improving this site and responding to relevant communications<\/span><\/li>\n<li><span style=\"font-family: FreeSans, sans-serif;\">Compliance with applicable legal obligations<\/span><\/li>\n<\/ul>\n<p><span style=\"font-family: FreeSans, sans-serif;\">&nbsp;<\/span><\/p>\n<p><span style=\"font-family: FreeSans, sans-serif;\"><b>5. Who we share information with<\/b><\/span><\/p>\n<p><span style=\"font-family: FreeSans, sans-serif;\">We do not sell personal data.<\/span><\/p>\n<p><span style=\"font-family: FreeSans, sans-serif;\">We may share information with vendors who provide us with services necessary to operate this site and manage our communications, such as:<\/span><\/p>\n<ul>\n<li><span style=\"font-family: FreeSans, sans-serif;\">Hosting and infrastructure services<\/span><\/li>\n<li><span style=\"font-family: FreeSans, sans-serif;\">Web analytics<\/span><\/li>\n<li><span style=\"font-family: FreeSans, sans-serif;\">Forms and Automations<\/span><\/li>\n<li><span style=\"font-family: FreeSans, sans-serif;\">Email services<\/span><\/li>\n<li><span style=\"font-family: FreeSans, sans-serif;\">Security tools or spam prevention tools<\/span><\/li>\n<li><span style=\"font-family: FreeSans, sans-serif;\">Calendar or video call platforms<\/span><\/li>\n<li><span style=\"font-family: FreeSans, sans-serif;\">Technical support or web development providers<\/span><\/li>\n<\/ul>\n<p><span style=\"font-family: FreeSans, sans-serif;\">&nbsp;<\/span><\/p>\n<p><span style=\"font-family: FreeSans, sans-serif;\">These third parties will only have access to the information to the extent necessary to provide their services and in accordance with reasonable confidentiality and security obligations. We may also disclose information:<\/span><\/p>\n<ul>\n<li><span style=\"font-family: FreeSans, sans-serif;\">If there is a legal obligation<\/span><\/li>\n<li><span style=\"font-family: FreeSans, sans-serif;\">If necessary to protect the rights, security, or integrity of the site or of third parties<\/span><\/li>\n<li><span style=\"font-family: FreeSans, sans-serif;\">In the event of a reorganization, transfer, or structural change to the project, always subject to reasonable safeguards<\/span><\/li>\n<\/ul>\n<p><span style=\"font-family: FreeSans, sans-serif;\">&nbsp;<\/span><\/p>\n<p><span style=\"font-family: FreeSans, sans-serif;\"><b>6. International transfers<\/b><\/span><\/p>\n<p><span style=\"font-family: FreeSans, sans-serif;\">Since some of our technology providers may operate infrastructure or services outside the user\u2019s country of residence, your data may be processed or stored in other jurisdictions. When this occurs, we will ensure that reasonable measures are in place to protect personal information in accordance with appropriate contractual, technical, and organizational standards.<\/span><\/p>\n<p><span style=\"font-family: FreeSans, sans-serif;\">&nbsp;<\/span><\/p>\n<p><span style=\"font-family: FreeSans, sans-serif;\"><b>7. Data Retention<\/b><\/span><\/p>\n<p><span style=\"font-family: FreeSans, sans-serif;\">We retain personal data only for as long as is reasonably necessary to fulfill the purposes described in this policy, respond to requests, maintain a record of communications, comply with legal obligations, or resolve disputes. The specific retention periods may vary depending on the type of data and the nature of the interaction.<\/span><\/p>\n<p><span style=\"font-family: FreeSans, sans-serif;\">&nbsp;<\/span><\/p>\n<p><span style=\"font-family: FreeSans, sans-serif;\"><b>8. Rights of the data subject<\/b><\/span><\/p>\n<p><span style=\"font-family: FreeSans, sans-serif;\">Depending on applicable law and your location, you may have the right to:<\/span><\/p>\n<ul>\n<li><span style=\"font-family: FreeSans, sans-serif;\">Access your personal data<\/span><\/li>\n<li><span style=\"font-family: FreeSans, sans-serif;\">Request the correction or update of inaccurate information<\/span><\/li>\n<li><span style=\"font-family: FreeSans, sans-serif;\">Request the deletion of your data when applicable<\/span><\/li>\n<li><span style=\"font-family: FreeSans, sans-serif;\">Objecting to certain treatments<\/span><\/li>\n<li><span style=\"font-family: FreeSans, sans-serif;\">Request restriction of processing<\/span><\/li>\n<li><span style=\"font-family: FreeSans, sans-serif;\">Withdraw your consent when the processing is based on that consent<\/span><\/li>\n<li><span style=\"font-family: FreeSans, sans-serif;\">Request data portability, where applicable<\/span><\/li>\n<li><span style=\"font-family: FreeSans, sans-serif;\">To exercise these rights, please write to: info@cesaraddario.com<\/span><\/li>\n<li><span style=\"font-family: FreeSans, sans-serif;\">We may request reasonable information to verify your identity before processing certain requests.<\/span><\/li>\n<\/ul>\n<p><span style=\"font-family: FreeSans, sans-serif;\">&nbsp;<\/span><\/p>\n<p><span style=\"font-family: FreeSans, sans-serif;\"><b>9. Cookies<\/b><\/span><\/p>\n<p><span style=\"font-family: FreeSans, sans-serif;\">This site may use strictly necessary cookies, analytical cookies, and, where applicable, functional or advertising cookies. Strictly necessary cookies enable the site to function properly. Analytical cookies help us understand how users interact with the site to improve content, navigation, and performance. If advertising or remarketing cookies are enabled in the future, we will request your consent when applicable. You can manage your preferences via the cookie banner or panel, as well as through your browser settings.<\/span><\/p>\n<p><span style=\"font-family: FreeSans, sans-serif;\">&nbsp;<\/span><\/p>\n<p><span style=\"font-family: FreeSans, sans-serif;\"><b>10. Information Security<\/b><\/span><\/p>\n<p><span style=\"font-family: FreeSans, sans-serif;\">We take reasonable technical, organizational, and administrative measures to protect personal information from unauthorized access, loss, alteration, disclosure, or misuse. However, no system connected to the internet offers absolute security. Therefore, although we implement reasonable security measures, we cannot guarantee complete security.<\/span><\/p>\n<p><span style=\"font-family: FreeSans, sans-serif;\">&nbsp;<\/span><\/p>\n<p><span style=\"font-family: FreeSans, sans-serif;\"><b>11. Minors<\/b><\/span><\/p>\n<p><span style=\"font-family: FreeSans, sans-serif;\">This site is not intentionally directed at minors. We do not knowingly collect personal data from minors without a legal basis or valid consent where required. If you believe that a minor has provided personal data through this site, please contact us so that we may review and, if necessary, delete such information.<\/span><\/p>\n<p><b><span style=\"font-family: FreeSans, sans-serif;\">&nbsp;<\/span><\/b><\/p>\n<p><b><span style=\"font-family: FreeSans, sans-serif;\">12. Links to Third-Party Websites<\/span><\/b><\/p>\n<p><span style=\"font-family: FreeSans, sans-serif;\">This site may contain links to media, social media, external platforms, or other websites. We do not control and are not responsible for the privacy practices, security, or content of third parties. We recommend reviewing their policies before sharing information with them.<\/span><\/p>\n<p><span style=\"font-family: FreeSans, sans-serif;\">&nbsp;<\/span><\/p>\n<p><span style=\"font-family: FreeSans, sans-serif;\"><b>13. Changes to this policy<\/b><\/span><\/p>\n<p><span style=\"font-family: FreeSans, sans-serif;\">We may update this Privacy Policy at any time to reflect legal, technical, operational, or editorial changes. The current version will be the one posted on this site with its last update date.<\/span><\/p>\n<p><span style=\"font-family: FreeSans, sans-serif;\">&nbsp;<\/span><\/p>\n<p><span style=\"font-family: FreeSans, sans-serif;\"><b>14. Contact<\/b><\/span><\/p>\n<p><span style=\"font-family: FreeSans, sans-serif;\">If you have any questions about this Privacy Policy or the processing of your data, please write to:<\/span><\/p>\n<p><span style=\"font-family: FreeSans, sans-serif;\">General email: info@cesaraddario.com<\/span><\/p>\n<p><span style=\"font-family: FreeSans, sans-serif;\">Press: prensa@cesaraddario.com<\/span><\/p>\n<div>&nbsp;<\/div>\t\t\t\t\t\t<\/div>\n\t\t\t\t<\/div>\n\t\t\t\t<div class=\"elementor-element elementor-element-cfef2aa elementor-widget elementor-widget-spacer\" data-id=\"cfef2aa\" data-element_type=\"widget\" data-widget_type=\"spacer.default\">\n\t\t\t\t<div class=\"elementor-widget-container\">\n\t\t\t\t\t<div class=\"elementor-spacer\">\n\t\t\t<div class=\"elementor-spacer-inner\"><\/div>\n\t\t<\/div>\n\t\t\t\t<\/div>\n\t\t\t\t<\/div>\n\t\t\t\t\t<\/div>\n\t\t<\/div>\n\t\t\t\t\t\t\t<\/div>\n\t\t<\/section>\n\t\t\t\t\t\t\t<\/div>","protected":false},"excerpt":{"rendered":"<p>Pol\u00edtica de Privacidad &nbsp; En este sitio valoramos la privacidad, la confidencialidad y el uso responsable de la informaci\u00f3n personal. Esta Pol\u00edtica de Privacidad explica c\u00f3mo recopilamos, usamos, almacenamos y protegemos los datos personales de las personas que visitan este sitio web, se comunican con nosotros o interact\u00faan con nuestros contenidos y formularios. Al utilizar [&hellip;]<\/p>","protected":false},"author":2,"featured_media":0,"parent":0,"menu_order":0,"comment_status":"closed","ping_status":"closed","template":"elementor_header_footer","meta":{"footnotes":"","_links_to":"","_links_to_target":""},"class_list":["post-3210","page","type-page","status-publish","hentry"],"acf":[],"yoast_head":"<!-- This site is optimized with the Yoast SEO plugin v19.12 - https:\/\/yoast.com\/wordpress\/plugins\/seo\/ -->\n<title>Pol\u00edtica de privacidad - C\u00e9sar Addario<\/title>\n<meta name=\"description\" content=\"Pol\u00edtica de Privacidad\" \/>\n<meta name=\"robots\" content=\"index, follow, max-snippet:-1, max-image-preview:large, max-video-preview:-1\" \/>\n<link rel=\"canonical\" href=\"https:\/\/cesaraddario.com\/en\/politica-de-privacidad\/\" \/>\n<meta property=\"og:locale\" content=\"en_US\" \/>\n<meta property=\"og:type\" content=\"article\" \/>\n<meta property=\"og:title\" content=\"Pol\u00edtica de privacidad - C\u00e9sar Addario\" \/>\n<meta property=\"og:description\" content=\"Pol\u00edtica de Privacidad\" \/>\n<meta property=\"og:url\" content=\"https:\/\/cesaraddario.com\/en\/politica-de-privacidad\/\" \/>\n<meta property=\"og:site_name\" content=\"C\u00e9sar Addario\" \/>\n<meta property=\"article:modified_time\" content=\"2026-04-27T18:28:11+00:00\" \/>\n<meta name=\"twitter:card\" content=\"summary_large_image\" \/>\n<script type=\"application\/ld+json\" class=\"yoast-schema-graph\">{\"@context\":\"https:\/\/schema.org\",\"@graph\":[{\"@type\":\"WebPage\",\"@id\":\"https:\/\/cesaraddario.com\/politica-de-privacidad\/\",\"url\":\"https:\/\/cesaraddario.com\/politica-de-privacidad\/\",\"name\":\"Pol\u00edtica de privacidad - C\u00e9sar Addario\",\"isPartOf\":{\"@id\":\"https:\/\/www.cesaraddario.com\/#website\"},\"datePublished\":\"2026-03-12T15:14:55+00:00\",\"dateModified\":\"2026-04-27T18:28:11+00:00\",\"description\":\"Pol\u00edtica de Privacidad\",\"inLanguage\":\"en-US\",\"potentialAction\":[{\"@type\":\"ReadAction\",\"target\":[\"https:\/\/cesaraddario.com\/politica-de-privacidad\/\"]}]},{\"@type\":\"WebSite\",\"@id\":\"https:\/\/www.cesaraddario.com\/#website\",\"url\":\"https:\/\/www.cesaraddario.com\/\",\"name\":\"C\u00e9sar Addario\",\"description\":\"\",\"potentialAction\":[{\"@type\":\"SearchAction\",\"target\":{\"@type\":\"EntryPoint\",\"urlTemplate\":\"https:\/\/www.cesaraddario.com\/?s={search_term_string}\"},\"query-input\":\"required name=search_term_string\"}],\"inLanguage\":\"en-US\"}]}<\/script>\n<!-- \/ Yoast SEO plugin. -->","yoast_head_json":{"title":"Pol\u00edtica de privacidad - C\u00e9sar Addario","description":"Pol\u00edtica de Privacidad","robots":{"index":"index","follow":"follow","max-snippet":"max-snippet:-1","max-image-preview":"max-image-preview:large","max-video-preview":"max-video-preview:-1"},"canonical":"https:\/\/cesaraddario.com\/en\/politica-de-privacidad\/","og_locale":"en_US","og_type":"article","og_title":"Pol\u00edtica de privacidad - C\u00e9sar Addario","og_description":"Pol\u00edtica de Privacidad","og_url":"https:\/\/cesaraddario.com\/en\/politica-de-privacidad\/","og_site_name":"C\u00e9sar Addario","article_modified_time":"2026-04-27T18:28:11+00:00","twitter_card":"summary_large_image","schema":{"@context":"https:\/\/schema.org","@graph":[{"@type":"WebPage","@id":"https:\/\/cesaraddario.com\/politica-de-privacidad\/","url":"https:\/\/cesaraddario.com\/politica-de-privacidad\/","name":"Pol\u00edtica de privacidad - C\u00e9sar Addario","isPartOf":{"@id":"https:\/\/www.cesaraddario.com\/#website"},"datePublished":"2026-03-12T15:14:55+00:00","dateModified":"2026-04-27T18:28:11+00:00","description":"Pol\u00edtica de Privacidad","inLanguage":"en-US","potentialAction":[{"@type":"ReadAction","target":["https:\/\/cesaraddario.com\/politica-de-privacidad\/"]}]},{"@type":"WebSite","@id":"https:\/\/www.cesaraddario.com\/#website","url":"https:\/\/www.cesaraddario.com\/","name":"C\u00e9sar Addario","description":"","potentialAction":[{"@type":"SearchAction","target":{"@type":"EntryPoint","urlTemplate":"https:\/\/www.cesaraddario.com\/?s={search_term_string}"},"query-input":"required name=search_term_string"}],"inLanguage":"en-US"}]}},"_links":{"self":[{"href":"https:\/\/cesaraddario.com\/en\/wp-json\/wp\/v2\/pages\/3210","targetHints":{"allow":["GET"]}}],"collection":[{"href":"https:\/\/cesaraddario.com\/en\/wp-json\/wp\/v2\/pages"}],"about":[{"href":"https:\/\/cesaraddario.com\/en\/wp-json\/wp\/v2\/types\/page"}],"author":[{"embeddable":true,"href":"https:\/\/cesaraddario.com\/en\/wp-json\/wp\/v2\/users\/2"}],"replies":[{"embeddable":true,"href":"https:\/\/cesaraddario.com\/en\/wp-json\/wp\/v2\/comments?post=3210"}],"version-history":[{"count":34,"href":"https:\/\/cesaraddario.com\/en\/wp-json\/wp\/v2\/pages\/3210\/revisions"}],"predecessor-version":[{"id":4352,"href":"https:\/\/cesaraddario.com\/en\/wp-json\/wp\/v2\/pages\/3210\/revisions\/4352"}],"wp:attachment":[{"href":"https:\/\/cesaraddario.com\/en\/wp-json\/wp\/v2\/media?parent=3210"}],"curies":[{"name":"wp","href":"https:\/\/api.w.org\/{rel}","templated":true}]}}