{"id":3218,"date":"2026-03-12T09:20:45","date_gmt":"2026-03-12T15:20:45","guid":{"rendered":"https:\/\/www.cesaraddario.com\/?page_id=3218"},"modified":"2026-04-27T12:35:20","modified_gmt":"2026-04-27T18:35:20","slug":"terminos-de-uso","status":"publish","type":"page","link":"https:\/\/cesaraddario.com\/en\/terminos-de-uso\/","title":{"rendered":"T\u00e9rminos de uso"},"content":{"rendered":"<div data-elementor-type=\"wp-page\" data-elementor-id=\"3218\" class=\"elementor elementor-3218\">\n\t\t\t\t\t\t\t\t\t<section class=\"elementor-section elementor-top-section elementor-element elementor-element-d3512c0 elementor-section-boxed elementor-section-height-default elementor-section-height-default\" data-id=\"d3512c0\" data-element_type=\"section\" data-settings=\"{&quot;background_background&quot;:&quot;classic&quot;}\">\n\t\t\t\t\t\t<div class=\"elementor-container elementor-column-gap-default\">\n\t\t\t\t\t<div class=\"elementor-column elementor-col-100 elementor-top-column elementor-element elementor-element-835faf6\" data-id=\"835faf6\" data-element_type=\"column\">\n\t\t\t<div class=\"elementor-widget-wrap elementor-element-populated\">\n\t\t\t\t\t\t\t\t<div class=\"elementor-element elementor-element-75c8fc8 elementor-widget elementor-widget-spacer\" data-id=\"75c8fc8\" data-element_type=\"widget\" data-widget_type=\"spacer.default\">\n\t\t\t\t<div class=\"elementor-widget-container\">\n\t\t\t<style>\/*! elementor - v3.9.0 - 06-12-2022 *\/\n.elementor-column .elementor-spacer-inner{height:var(--spacer-size)}.e-con{--container-widget-width:100%}.e-con-inner>.elementor-widget-spacer,.e-con>.elementor-widget-spacer{width:var(--container-widget-width,var(--spacer-size));--align-self:var(--container-widget-align-self,initial);--flex-shrink:0}.e-con-inner>.elementor-widget-spacer>.elementor-widget-container,.e-con-inner>.elementor-widget-spacer>.elementor-widget-container>.elementor-spacer,.e-con>.elementor-widget-spacer>.elementor-widget-container,.e-con>.elementor-widget-spacer>.elementor-widget-container>.elementor-spacer{height:100%}.e-con-inner>.elementor-widget-spacer>.elementor-widget-container>.elementor-spacer>.elementor-spacer-inner,.e-con>.elementor-widget-spacer>.elementor-widget-container>.elementor-spacer>.elementor-spacer-inner{height:var(--container-widget-height,var(--spacer-size))}<\/style>\t\t<div class=\"elementor-spacer\">\n\t\t\t<div class=\"elementor-spacer-inner\"><\/div>\n\t\t<\/div>\n\t\t\t\t<\/div>\n\t\t\t\t<\/div>\n\t\t\t\t<div class=\"elementor-element elementor-element-23a8a3d elementor-widget elementor-widget-heading\" data-id=\"23a8a3d\" data-element_type=\"widget\" data-widget_type=\"heading.default\">\n\t\t\t\t<div class=\"elementor-widget-container\">\n\t\t\t<style>\/*! elementor - v3.9.0 - 06-12-2022 *\/\n.elementor-heading-title{padding:0;margin:0;line-height:1}.elementor-widget-heading .elementor-heading-title[class*=elementor-size-]>a{color:inherit;font-size:inherit;line-height:inherit}.elementor-widget-heading .elementor-heading-title.elementor-size-small{font-size:15px}.elementor-widget-heading .elementor-heading-title.elementor-size-medium{font-size:19px}.elementor-widget-heading .elementor-heading-title.elementor-size-large{font-size:29px}.elementor-widget-heading .elementor-heading-title.elementor-size-xl{font-size:39px}.elementor-widget-heading .elementor-heading-title.elementor-size-xxl{font-size:59px}<\/style><h2 class=\"elementor-heading-title elementor-size-default\">Terms of Use<\/h2>\t\t<\/div>\n\t\t\t\t<\/div>\n\t\t\t\t<div class=\"elementor-element elementor-element-69f7e35 elementor-widget elementor-widget-text-editor\" data-id=\"69f7e35\" data-element_type=\"widget\" data-widget_type=\"text-editor.default\">\n\t\t\t\t<div class=\"elementor-widget-container\">\n\t\t\t<style>\/*! elementor - v3.9.0 - 06-12-2022 *\/\n.elementor-widget-text-editor.elementor-drop-cap-view-stacked .elementor-drop-cap{background-color:#818a91;color:#fff}.elementor-widget-text-editor.elementor-drop-cap-view-framed .elementor-drop-cap{color:#818a91;border:3px solid;background-color:transparent}.elementor-widget-text-editor:not(.elementor-drop-cap-view-default) .elementor-drop-cap{margin-top:8px}.elementor-widget-text-editor:not(.elementor-drop-cap-view-default) .elementor-drop-cap-letter{width:1em;height:1em}.elementor-widget-text-editor .elementor-drop-cap{float:left;text-align:center;line-height:1;font-size:50px}.elementor-widget-text-editor .elementor-drop-cap-letter{display:inline-block}<\/style>\t\t\t\t<p><span style=\"font-family: FreeSans, sans-serif;\">\u00a0<\/span><\/p><p><span style=\"font-family: FreeSans, sans-serif;\">Last updated: April 27, 2026<\/span><\/p><p><span style=\"font-family: FreeSans, sans-serif;\">Welcome to the official website of Cesar Addario Soljancic (hereinafter, \u201cthe Website\u201d). By accessing and using this site, you agree to comply with and be bound by the following terms and conditions of use, which, together with our Privacy Policy, govern the relationship between you and the site administrators with respect to this website.<\/span><\/p><p><span style=\"font-family: FreeSans, sans-serif;\">\u00a0<\/span><\/p><p><span style=\"font-family: FreeSans, sans-serif;\"><b>1. Use of the Website<\/b><\/span><\/p><p><span style=\"font-family: FreeSans, sans-serif;\">The content of the pages on this website is intended solely for your general information and personal use. It is subject to change without notice. Use of this site for any purpose that is illegal or not authorized by these terms is strictly prohibited.<\/span><\/p><p>\u00a0<\/p><p><span style=\"font-family: FreeSans, sans-serif;\"><b>2. Intellectual Property<\/b><\/span><\/p><p><span style=\"font-family: FreeSans, sans-serif;\">This website contains material that is owned by or licensed to Cesar Addario. This material includes, but is not limited to, the design, layout, text, photographs, logos, press videos, and graphics.<\/span><\/p><p>\u00a0<\/p><ul><li><span style=\"font-family: FreeSans, sans-serif;\">\u00a0 \u00a0 The reproduction of the content, in whole or in part, is prohibited without the prior written consent of the copyright holder.<\/span><\/li><li><span style=\"font-family: FreeSans, sans-serif;\">\u00a0 \u00a0 The third-party trademarks mentioned on this site (such as media outlets or magazines) are the property of their respective owners.<\/span><\/li><\/ul><p><span style=\"font-family: FreeSans, sans-serif;\">\u00a0<\/span><\/p><p><b><span style=\"font-family: FreeSans, sans-serif;\">3. Links to Third-Party Sites (Magazines and News Outlets)<\/span><\/b><\/p><p><span style=\"font-family: FreeSans, sans-serif;\">For your convenience, this site includes links to external websites (such as Forbes, Derecho y Negocios, La Tribuna, and others).<\/span><\/p><p>\u00a0<\/p><ul><li><span style=\"font-family: FreeSans, sans-serif;\">\u00a0 \u00a0 These links are provided to offer further information about Cesar Addario's professional background.<\/span><\/li><li><span style=\"font-family: FreeSans, sans-serif;\">\u00a0 \u00a0 We have no control over the nature, content, or availability of those sites. The inclusion of any link does not necessarily imply a recommendation or endorsement of the views expressed on them.<\/span><\/li><\/ul><p><span style=\"font-family: FreeSans, sans-serif;\">\u00a0<\/span><\/p><p><span style=\"font-family: FreeSans, sans-serif;\"><b>4. Disclaimer<\/b><\/span><\/p><p><span style=\"font-family: FreeSans, sans-serif;\">The information contained on this website is provided for informational and professional purposes. Although we strive to keep the information up to date and accurate, we do not guarantee the accuracy, completeness, or suitability of the information and materials found or offered on this site for any particular purpose. Use of any information or material on this website is at your own risk.<\/span><\/p><p><span style=\"font-family: FreeSans, sans-serif;\">\u00a0<\/span><\/p><p><span style=\"font-family: FreeSans, sans-serif;\"><b>5. Data Protection and Privacy<\/b><\/span><\/p><p><span style=\"font-family: FreeSans, sans-serif;\">The use of personal information provided through this site is governed by our Privacy Policy. By using this site, you acknowledge that you have read and agree to the processing of your data as described in that document.<\/span><\/p><p><span style=\"font-family: FreeSans, sans-serif;\">\u00a0<\/span><\/p><p><span style=\"font-family: FreeSans, sans-serif;\"><b>6. Limitation of Technical Liability<\/b><\/span><\/p><p><span style=\"font-family: FreeSans, sans-serif;\">We shall not be liable for any damages or losses arising from any interruption, computer virus, or communication failure that may affect your computer while you are using our Website, nor for any loss of data that may result from downloading authorized content (PDFs or ZIP files) from the site.<\/span><\/p><p><span style=\"font-family: FreeSans, sans-serif;\">\u00a0<\/span><\/p><p><span style=\"font-family: FreeSans, sans-serif;\"><b>7. Amendments<\/b><\/span><\/p><p><span style=\"font-family: FreeSans, sans-serif;\">We reserve the right to modify these Terms and Conditions at any time. Your continued use of the site following the posting of changes will constitute your acceptance of such changes.<\/span><\/p><p>\u00a0<\/p><div>\u00a0<\/div>\t\t\t\t\t\t<\/div>\n\t\t\t\t<\/div>\n\t\t\t\t<div class=\"elementor-element elementor-element-f66de73 elementor-widget elementor-widget-spacer\" data-id=\"f66de73\" data-element_type=\"widget\" data-widget_type=\"spacer.default\">\n\t\t\t\t<div class=\"elementor-widget-container\">\n\t\t\t\t\t<div class=\"elementor-spacer\">\n\t\t\t<div class=\"elementor-spacer-inner\"><\/div>\n\t\t<\/div>\n\t\t\t\t<\/div>\n\t\t\t\t<\/div>\n\t\t\t\t\t<\/div>\n\t\t<\/div>\n\t\t\t\t\t\t\t<\/div>\n\t\t<\/section>\n\t\t\t\t\t\t\t<\/div>","protected":false},"excerpt":{"rendered":"<p>T\u00e9rminos de Uso \u00a0 Fecha de \u00faltima actualizaci\u00f3n: 27 de abril de 2026 Bienvenido al sitio web oficial de Cesar Addario Soljancic (en adelante, \u00abel Sitio Web\u00bb). Al acceder y utilizar este sitio, usted acepta cumplir y estar sujeto a los siguientes t\u00e9rminos y condiciones de uso, los cuales, junto con nuestra Pol\u00edtica de Privacidad, [&hellip;]<\/p>","protected":false},"author":2,"featured_media":0,"parent":0,"menu_order":0,"comment_status":"closed","ping_status":"closed","template":"elementor_header_footer","meta":{"footnotes":"","_links_to":"","_links_to_target":""},"class_list":["post-3218","page","type-page","status-publish","hentry"],"acf":[],"yoast_head":"<!-- This site is optimized with the Yoast SEO plugin v19.12 - https:\/\/yoast.com\/wordpress\/plugins\/seo\/ -->\n<title>T\u00e9rminos de uso - C\u00e9sar Addario<\/title>\n<meta name=\"description\" content=\"T\u00e9rminos de Uso\" \/>\n<meta name=\"robots\" content=\"index, follow, max-snippet:-1, max-image-preview:large, max-video-preview:-1\" \/>\n<link rel=\"canonical\" href=\"https:\/\/cesaraddario.com\/en\/terminos-de-uso\/\" \/>\n<meta property=\"og:locale\" content=\"en_US\" \/>\n<meta property=\"og:type\" content=\"article\" \/>\n<meta property=\"og:title\" content=\"T\u00e9rminos de uso - C\u00e9sar Addario\" \/>\n<meta property=\"og:description\" content=\"T\u00e9rminos de Uso\" \/>\n<meta property=\"og:url\" content=\"https:\/\/cesaraddario.com\/en\/terminos-de-uso\/\" \/>\n<meta property=\"og:site_name\" content=\"C\u00e9sar Addario\" \/>\n<meta property=\"article:modified_time\" content=\"2026-04-27T18:35:20+00:00\" \/>\n<meta name=\"twitter:card\" content=\"summary_large_image\" \/>\n<meta name=\"twitter:label1\" content=\"Est. reading time\" \/>\n\t<meta name=\"twitter:data1\" content=\"3 minutes\" \/>\n<script type=\"application\/ld+json\" class=\"yoast-schema-graph\">{\"@context\":\"https:\/\/schema.org\",\"@graph\":[{\"@type\":\"WebPage\",\"@id\":\"https:\/\/cesaraddario.com\/terminos-de-uso\/\",\"url\":\"https:\/\/cesaraddario.com\/terminos-de-uso\/\",\"name\":\"T\u00e9rminos de uso - C\u00e9sar Addario\",\"isPartOf\":{\"@id\":\"https:\/\/www.cesaraddario.com\/#website\"},\"datePublished\":\"2026-03-12T15:20:45+00:00\",\"dateModified\":\"2026-04-27T18:35:20+00:00\",\"description\":\"T\u00e9rminos de Uso\",\"inLanguage\":\"en-US\",\"potentialAction\":[{\"@type\":\"ReadAction\",\"target\":[\"https:\/\/cesaraddario.com\/terminos-de-uso\/\"]}]},{\"@type\":\"WebSite\",\"@id\":\"https:\/\/www.cesaraddario.com\/#website\",\"url\":\"https:\/\/www.cesaraddario.com\/\",\"name\":\"C\u00e9sar Addario\",\"description\":\"\",\"potentialAction\":[{\"@type\":\"SearchAction\",\"target\":{\"@type\":\"EntryPoint\",\"urlTemplate\":\"https:\/\/www.cesaraddario.com\/?s={search_term_string}\"},\"query-input\":\"required name=search_term_string\"}],\"inLanguage\":\"en-US\"}]}<\/script>\n<!-- \/ Yoast SEO plugin. -->","yoast_head_json":{"title":"T\u00e9rminos de uso - C\u00e9sar Addario","description":"T\u00e9rminos de Uso","robots":{"index":"index","follow":"follow","max-snippet":"max-snippet:-1","max-image-preview":"max-image-preview:large","max-video-preview":"max-video-preview:-1"},"canonical":"https:\/\/cesaraddario.com\/en\/terminos-de-uso\/","og_locale":"en_US","og_type":"article","og_title":"T\u00e9rminos de uso - C\u00e9sar Addario","og_description":"T\u00e9rminos de Uso","og_url":"https:\/\/cesaraddario.com\/en\/terminos-de-uso\/","og_site_name":"C\u00e9sar Addario","article_modified_time":"2026-04-27T18:35:20+00:00","twitter_card":"summary_large_image","twitter_misc":{"Est. reading time":"3 minutes"},"schema":{"@context":"https:\/\/schema.org","@graph":[{"@type":"WebPage","@id":"https:\/\/cesaraddario.com\/terminos-de-uso\/","url":"https:\/\/cesaraddario.com\/terminos-de-uso\/","name":"T\u00e9rminos de uso - C\u00e9sar Addario","isPartOf":{"@id":"https:\/\/www.cesaraddario.com\/#website"},"datePublished":"2026-03-12T15:20:45+00:00","dateModified":"2026-04-27T18:35:20+00:00","description":"T\u00e9rminos de Uso","inLanguage":"en-US","potentialAction":[{"@type":"ReadAction","target":["https:\/\/cesaraddario.com\/terminos-de-uso\/"]}]},{"@type":"WebSite","@id":"https:\/\/www.cesaraddario.com\/#website","url":"https:\/\/www.cesaraddario.com\/","name":"C\u00e9sar Addario","description":"","potentialAction":[{"@type":"SearchAction","target":{"@type":"EntryPoint","urlTemplate":"https:\/\/www.cesaraddario.com\/?s={search_term_string}"},"query-input":"required name=search_term_string"}],"inLanguage":"en-US"}]}},"_links":{"self":[{"href":"https:\/\/cesaraddario.com\/en\/wp-json\/wp\/v2\/pages\/3218","targetHints":{"allow":["GET"]}}],"collection":[{"href":"https:\/\/cesaraddario.com\/en\/wp-json\/wp\/v2\/pages"}],"about":[{"href":"https:\/\/cesaraddario.com\/en\/wp-json\/wp\/v2\/types\/page"}],"author":[{"embeddable":true,"href":"https:\/\/cesaraddario.com\/en\/wp-json\/wp\/v2\/users\/2"}],"replies":[{"embeddable":true,"href":"https:\/\/cesaraddario.com\/en\/wp-json\/wp\/v2\/comments?post=3218"}],"version-history":[{"count":10,"href":"https:\/\/cesaraddario.com\/en\/wp-json\/wp\/v2\/pages\/3218\/revisions"}],"predecessor-version":[{"id":4358,"href":"https:\/\/cesaraddario.com\/en\/wp-json\/wp\/v2\/pages\/3218\/revisions\/4358"}],"wp:attachment":[{"href":"https:\/\/cesaraddario.com\/en\/wp-json\/wp\/v2\/media?parent=3218"}],"curies":[{"name":"wp","href":"https:\/\/api.w.org\/{rel}","templated":true}]}}