{"id":3496,"date":"2026-03-19T23:44:09","date_gmt":"2026-03-20T05:44:09","guid":{"rendered":"https:\/\/www.cesaraddario.com\/?page_id=3496"},"modified":"2026-03-20T00:23:18","modified_gmt":"2026-03-20T06:23:18","slug":"analisis-de-medios-derecho-y-negocios","status":"publish","type":"page","link":"https:\/\/cesaraddario.com\/en\/analisis-de-medios-derecho-y-negocios\/","title":{"rendered":"An\u00e1lisis de Medios &#8211; Derecho y Negocios"},"content":{"rendered":"<div data-elementor-type=\"wp-page\" data-elementor-id=\"3496\" class=\"elementor elementor-3496\">\n\t\t\t\t\t\t\t\t\t<section class=\"elementor-section elementor-top-section elementor-element elementor-element-a582cbd elementor-section-boxed elementor-section-height-default elementor-section-height-default\" data-id=\"a582cbd\" data-element_type=\"section\" data-settings=\"{&quot;background_background&quot;:&quot;classic&quot;}\">\n\t\t\t\t\t\t<div class=\"elementor-container elementor-column-gap-default\">\n\t\t\t\t\t<div class=\"elementor-column elementor-col-100 elementor-top-column elementor-element elementor-element-63f9cbf\" data-id=\"63f9cbf\" data-element_type=\"column\">\n\t\t\t<div class=\"elementor-widget-wrap elementor-element-populated\">\n\t\t\t\t\t\t\t\t<div class=\"elementor-element elementor-element-ac23c2b elementor-widget elementor-widget-button\" data-id=\"ac23c2b\" data-element_type=\"widget\" data-widget_type=\"button.default\">\n\t\t\t\t<div class=\"elementor-widget-container\">\n\t\t\t\t\t<div class=\"elementor-button-wrapper\">\n\t\t\t<a href=\"https:\/\/cesaraddario.com\/en\/\" class=\"elementor-button-link elementor-button elementor-size-sm\" role=\"button\">\n\t\t\t\t\t\t<span class=\"elementor-button-content-wrapper\">\n\t\t\t\t\t\t\t<span class=\"elementor-button-icon elementor-align-icon-left\">\n\t\t\t\t<i aria-hidden=\"true\" class=\"fas fa-arrow-left\"><\/i>\t\t\t<\/span>\n\t\t\t\t\t\t<span class=\"elementor-button-text\">Back to home<\/span>\n\t\t<\/span>\n\t\t\t\t\t<\/a>\n\t\t<\/div>\n\t\t\t\t<\/div>\n\t\t\t\t<\/div>\n\t\t\t\t<div class=\"elementor-element elementor-element-429813c border-bottom-shorter-blue elementor-widget elementor-widget-heading\" data-id=\"429813c\" data-element_type=\"widget\" data-widget_type=\"heading.default\">\n\t\t\t\t<div class=\"elementor-widget-container\">\n\t\t\t<style>\/*! elementor - v3.9.0 - 06-12-2022 *\/\n.elementor-heading-title{padding:0;margin:0;line-height:1}.elementor-widget-heading .elementor-heading-title[class*=elementor-size-]>a{color:inherit;font-size:inherit;line-height:inherit}.elementor-widget-heading .elementor-heading-title.elementor-size-small{font-size:15px}.elementor-widget-heading .elementor-heading-title.elementor-size-medium{font-size:19px}.elementor-widget-heading .elementor-heading-title.elementor-size-large{font-size:29px}.elementor-widget-heading .elementor-heading-title.elementor-size-xl{font-size:39px}.elementor-widget-heading .elementor-heading-title.elementor-size-xxl{font-size:59px}<\/style><h2 class=\"elementor-heading-title elementor-size-default\">Analysis  <br> <span class=\"title-yellow\">In the Media <\/span><\/h2>\t\t<\/div>\n\t\t\t\t<\/div>\n\t\t\t\t<div class=\"elementor-element elementor-element-31dacda elementor-widget elementor-widget-text-editor\" data-id=\"31dacda\" data-element_type=\"widget\" data-widget_type=\"text-editor.default\">\n\t\t\t\t<div class=\"elementor-widget-container\">\n\t\t\t<style>\/*! elementor - v3.9.0 - 06-12-2022 *\/\n.elementor-widget-text-editor.elementor-drop-cap-view-stacked .elementor-drop-cap{background-color:#818a91;color:#fff}.elementor-widget-text-editor.elementor-drop-cap-view-framed .elementor-drop-cap{color:#818a91;border:3px solid;background-color:transparent}.elementor-widget-text-editor:not(.elementor-drop-cap-view-default) .elementor-drop-cap{margin-top:8px}.elementor-widget-text-editor:not(.elementor-drop-cap-view-default) .elementor-drop-cap-letter{width:1em;height:1em}.elementor-widget-text-editor .elementor-drop-cap{float:left;text-align:center;line-height:1;font-size:50px}.elementor-widget-text-editor .elementor-drop-cap-letter{display:inline-block}<\/style>\t\t\t\t<p>Strategic analyses on institutional frameworks, the economy, and development published in specialized media.<\/p>\t\t\t\t\t\t<\/div>\n\t\t\t\t<\/div>\n\t\t\t\t<section class=\"elementor-section elementor-inner-section elementor-element elementor-element-d066db9 elementor-section-boxed elementor-section-height-default elementor-section-height-default\" data-id=\"d066db9\" data-element_type=\"section\">\n\t\t\t\t\t\t<div class=\"elementor-container elementor-column-gap-default\">\n\t\t\t\t\t<div class=\"elementor-column elementor-col-100 elementor-inner-column elementor-element elementor-element-685661b\" data-id=\"685661b\" data-element_type=\"column\">\n\t\t\t<div class=\"elementor-widget-wrap elementor-element-populated\">\n\t\t\t\t\t\t\t\t<section class=\"elementor-section elementor-inner-section elementor-element elementor-element-fbb25d6 elementor-section-content-middle elementor-section-boxed elementor-section-height-default elementor-section-height-default\" data-id=\"fbb25d6\" data-element_type=\"section\">\n\t\t\t\t\t\t<div class=\"elementor-container elementor-column-gap-default\">\n\t\t\t\t\t<div class=\"elementor-column elementor-col-16 elementor-inner-column elementor-element elementor-element-04db8ee\" data-id=\"04db8ee\" data-element_type=\"column\">\n\t\t\t<div class=\"elementor-widget-wrap elementor-element-populated\">\n\t\t\t\t\t\t\t\t<div class=\"elementor-element elementor-element-65e1f30 elementor-align-center elementor-widget elementor-widget-button\" data-id=\"65e1f30\" data-element_type=\"widget\" data-widget_type=\"button.default\">\n\t\t\t\t<div class=\"elementor-widget-container\">\n\t\t\t\t\t<div class=\"elementor-button-wrapper\">\n\t\t\t<a href=\"https:\/\/cesaraddario.com\/en\/todos-los-medios\/\" class=\"elementor-button-link elementor-button elementor-size-sm\" role=\"button\">\n\t\t\t\t\t\t<span class=\"elementor-button-content-wrapper\">\n\t\t\t\t\t\t<span class=\"elementor-button-text\">All<\/span>\n\t\t<\/span>\n\t\t\t\t\t<\/a>\n\t\t<\/div>\n\t\t\t\t<\/div>\n\t\t\t\t<\/div>\n\t\t\t\t\t<\/div>\n\t\t<\/div>\n\t\t\t\t<div class=\"elementor-column elementor-col-16 elementor-inner-column elementor-element elementor-element-39b58c8\" data-id=\"39b58c8\" data-element_type=\"column\">\n\t\t\t<div class=\"elementor-widget-wrap elementor-element-populated\">\n\t\t\t\t\t\t\t\t<div class=\"elementor-element elementor-element-59a41ae elementor-widget elementor-widget-image\" data-id=\"59a41ae\" data-element_type=\"widget\" data-widget_type=\"image.default\">\n\t\t\t\t<div class=\"elementor-widget-container\">\n\t\t\t<style>\/*! elementor - v3.9.0 - 06-12-2022 *\/\n.elementor-widget-image{text-align:center}.elementor-widget-image a{display:inline-block}.elementor-widget-image a img[src$=\".svg\"]{width:48px}.elementor-widget-image img{vertical-align:middle;display:inline-block}<\/style>\t\t\t\t\t\t\t\t\t\t\t\t\t<a href=\"https:\/\/cesaraddario.com\/en\/forbes\/\">\n\t\t\t\t\t\t\t<img loading=\"lazy\" decoding=\"async\" width=\"128\" height=\"72\" src=\"https:\/\/cesaraddario.com\/wp-content\/uploads\/2026\/03\/forbes-logo.png\" class=\"attachment-large size-large wp-image-2349\" alt=\"\" srcset=\"https:\/\/cesaraddario.com\/wp-content\/uploads\/2026\/03\/forbes-logo.png 128w, https:\/\/cesaraddario.com\/wp-content\/uploads\/2026\/03\/forbes-logo-18x10.png 18w\" sizes=\"auto, (max-width: 128px) 100vw, 128px\" \/>\t\t\t\t\t\t\t\t<\/a>\n\t\t\t\t\t\t\t\t\t\t\t\t\t\t\t<\/div>\n\t\t\t\t<\/div>\n\t\t\t\t\t<\/div>\n\t\t<\/div>\n\t\t\t\t<div class=\"elementor-column elementor-col-16 elementor-inner-column elementor-element elementor-element-611566c\" data-id=\"611566c\" data-element_type=\"column\">\n\t\t\t<div class=\"elementor-widget-wrap elementor-element-populated\">\n\t\t\t\t\t\t\t\t<div class=\"elementor-element elementor-element-59d1d5b elementor-widget elementor-widget-image\" data-id=\"59d1d5b\" data-element_type=\"widget\" data-widget_type=\"image.default\">\n\t\t\t\t<div class=\"elementor-widget-container\">\n\t\t\t\t\t\t\t\t\t\t\t\t\t\t\t\t<a href=\"https:\/\/cesaraddario.com\/en\/analisis-de-medios-derecho-y-negocios\/\">\n\t\t\t\t\t\t\t<img loading=\"lazy\" decoding=\"async\" width=\"155\" height=\"48\" src=\"https:\/\/cesaraddario.com\/wp-content\/uploads\/2026\/03\/derecho-negocio-logo.png\" class=\"attachment-large size-large wp-image-2347\" alt=\"\" srcset=\"https:\/\/cesaraddario.com\/wp-content\/uploads\/2026\/03\/derecho-negocio-logo.png 155w, https:\/\/cesaraddario.com\/wp-content\/uploads\/2026\/03\/derecho-negocio-logo-18x6.png 18w\" sizes=\"auto, (max-width: 155px) 100vw, 155px\" \/>\t\t\t\t\t\t\t\t<\/a>\n\t\t\t\t\t\t\t\t\t\t\t\t\t\t\t<\/div>\n\t\t\t\t<\/div>\n\t\t\t\t\t<\/div>\n\t\t<\/div>\n\t\t\t\t<div class=\"elementor-column elementor-col-16 elementor-inner-column elementor-element elementor-element-58ce9c6\" data-id=\"58ce9c6\" data-element_type=\"column\">\n\t\t\t<div class=\"elementor-widget-wrap elementor-element-populated\">\n\t\t\t\t\t\t\t\t<div class=\"elementor-element elementor-element-d3a10d2 elementor-widget elementor-widget-image\" data-id=\"d3a10d2\" data-element_type=\"widget\" data-widget_type=\"image.default\">\n\t\t\t\t<div class=\"elementor-widget-container\">\n\t\t\t\t\t\t\t\t\t\t\t\t\t\t\t\t<a href=\"https:\/\/cesaraddario.com\/en\/analisis-de-medios-la-tribuna\/\">\n\t\t\t\t\t\t\t<img loading=\"lazy\" decoding=\"async\" width=\"262\" height=\"28\" src=\"https:\/\/cesaraddario.com\/wp-content\/uploads\/2026\/03\/la-tribuna-logo.png\" class=\"attachment-large size-large wp-image-2350\" alt=\"\" srcset=\"https:\/\/cesaraddario.com\/wp-content\/uploads\/2026\/03\/la-tribuna-logo.png 262w, https:\/\/cesaraddario.com\/wp-content\/uploads\/2026\/03\/la-tribuna-logo-18x2.png 18w\" sizes=\"auto, (max-width: 262px) 100vw, 262px\" \/>\t\t\t\t\t\t\t\t<\/a>\n\t\t\t\t\t\t\t\t\t\t\t\t\t\t\t<\/div>\n\t\t\t\t<\/div>\n\t\t\t\t\t<\/div>\n\t\t<\/div>\n\t\t\t\t<div class=\"elementor-column elementor-col-16 elementor-inner-column elementor-element elementor-element-8e1909b\" data-id=\"8e1909b\" data-element_type=\"column\">\n\t\t\t<div class=\"elementor-widget-wrap elementor-element-populated\">\n\t\t\t\t\t\t\t\t<div class=\"elementor-element elementor-element-4b3c722 elementor-widget elementor-widget-image\" data-id=\"4b3c722\" data-element_type=\"widget\" data-widget_type=\"image.default\">\n\t\t\t\t<div class=\"elementor-widget-container\">\n\t\t\t\t\t\t\t\t\t\t\t\t\t\t\t\t<a href=\"https:\/\/cesaraddario.com\/en\/analisis-de-medios-5-dias\/\">\n\t\t\t\t\t\t\t<img loading=\"lazy\" decoding=\"async\" width=\"112\" height=\"48\" src=\"https:\/\/cesaraddario.com\/wp-content\/uploads\/2026\/03\/drs-logo.png\" class=\"attachment-large size-large wp-image-2348\" alt=\"\" srcset=\"https:\/\/cesaraddario.com\/wp-content\/uploads\/2026\/03\/drs-logo.png 112w, https:\/\/cesaraddario.com\/wp-content\/uploads\/2026\/03\/drs-logo-18x8.png 18w\" sizes=\"auto, (max-width: 112px) 100vw, 112px\" \/>\t\t\t\t\t\t\t\t<\/a>\n\t\t\t\t\t\t\t\t\t\t\t\t\t\t\t<\/div>\n\t\t\t\t<\/div>\n\t\t\t\t\t<\/div>\n\t\t<\/div>\n\t\t\t\t<div class=\"elementor-column elementor-col-16 elementor-inner-column elementor-element elementor-element-d35b341\" data-id=\"d35b341\" data-element_type=\"column\">\n\t\t\t<div class=\"elementor-widget-wrap elementor-element-populated\">\n\t\t\t\t\t\t\t\t<div class=\"elementor-element elementor-element-d85d7fa elementor-widget elementor-widget-image\" data-id=\"d85d7fa\" data-element_type=\"widget\" data-widget_type=\"image.default\">\n\t\t\t\t<div class=\"elementor-widget-container\">\n\t\t\t\t\t\t\t\t\t\t\t\t\t\t\t\t<a href=\"https:\/\/cesaraddario.com\/en\/analisis-de-medios-upi\/\">\n\t\t\t\t\t\t\t<img loading=\"lazy\" decoding=\"async\" width=\"67\" height=\"38\" src=\"https:\/\/cesaraddario.com\/wp-content\/uploads\/2026\/03\/upi-logo.png\" class=\"attachment-large size-large wp-image-2351\" alt=\"\" srcset=\"https:\/\/cesaraddario.com\/wp-content\/uploads\/2026\/03\/upi-logo.png 67w, https:\/\/cesaraddario.com\/wp-content\/uploads\/2026\/03\/upi-logo-18x10.png 18w\" sizes=\"auto, (max-width: 67px) 100vw, 67px\" \/>\t\t\t\t\t\t\t\t<\/a>\n\t\t\t\t\t\t\t\t\t\t\t\t\t\t\t<\/div>\n\t\t\t\t<\/div>\n\t\t\t\t\t<\/div>\n\t\t<\/div>\n\t\t\t\t\t\t\t<\/div>\n\t\t<\/section>\n\t\t\t\t\t<\/div>\n\t\t<\/div>\n\t\t\t\t\t\t\t<\/div>\n\t\t<\/section>\n\t\t\t\t<div class=\"elementor-element elementor-element-c7191ff elementor-grid-1 blog-medios elementor-grid-tablet-2 elementor-grid-mobile-1 elementor-posts--thumbnail-top elementor-widget elementor-widget-posts\" data-id=\"c7191ff\" data-element_type=\"widget\" data-settings=\"{&quot;classic_columns&quot;:&quot;1&quot;,&quot;pagination_type&quot;:&quot;numbers_and_prev_next&quot;,&quot;classic_columns_tablet&quot;:&quot;2&quot;,&quot;classic_columns_mobile&quot;:&quot;1&quot;,&quot;classic_row_gap&quot;:{&quot;unit&quot;:&quot;px&quot;,&quot;size&quot;:35,&quot;sizes&quot;:[]},&quot;classic_row_gap_tablet&quot;:{&quot;unit&quot;:&quot;px&quot;,&quot;size&quot;:&quot;&quot;,&quot;sizes&quot;:[]},&quot;classic_row_gap_mobile&quot;:{&quot;unit&quot;:&quot;px&quot;,&quot;size&quot;:&quot;&quot;,&quot;sizes&quot;:[]}}\" data-widget_type=\"posts.classic\">\n\t\t\t\t<div class=\"elementor-widget-container\">\n\t\t\t<link rel=\"stylesheet\" href=\"https:\/\/cesaraddario.com\/wp-content\/plugins\/elementor-pro\/assets\/css\/widget-posts.min.css\">\t\t<div class=\"elementor-posts-container elementor-posts elementor-posts--skin-classic elementor-grid\">\n\t\t\t\t<article class=\"elementor-post elementor-grid-item post-3542 post type-post status-publish format-standard hentry category-blog-medios tag-derecho-negocios\">\n\t\t\t\t<div class=\"elementor-post__text\">\n\t\t\t\t<h3 class=\"elementor-post__title\">\n\t\t\t<a href=\"https:\/\/derechoynegocios.net\/pocas-probabilidades-de-una-recesion-economica-en-estados-unidos\/\" target=\"&quot;_blank&quot;\">\n\t\t\t\tThe likelihood of an economic recession in the United States is low\t\t\t<\/a>\n\t\t<\/h3>\n\t\t\t\t<div class=\"elementor-post__meta-data\">\n\t\t\t\t\t<span class=\"elementor-post-date\">\n\t\t\t28 de October de 2024\t\t<\/span>\n\t\t\t\t<\/div>\n\t\t\t\t<div class=\"elementor-post__excerpt\">\n\t\t\t<p>The article analyzes the economic outlook for the United States and suggests a \u201csoft landing\u201d scenario rather than a recession. C\u00e9sar Addario explains that, despite inflationary challenges, economic indicators point to resilience and sustained growth. He also highlights the Federal Reserve\u2019s role in stabilizing the economy through interest rate adjustments, which allows for the control of inflation without triggering a significant economic contraction.<\/p>\n\t\t<\/div>\n\t\t\n\t\t<a class=\"elementor-post__read-more\" href=\"https:\/\/derechoynegocios.net\/pocas-probabilidades-de-una-recesion-economica-en-estados-unidos\/\" target=\"_blank\">\n\t\t\tRead the full article\t\t<\/a>\n\n\t\t\t\t<\/div>\n\t\t\t\t<\/article>\n\t\t\t\t<article class=\"elementor-post elementor-grid-item post-3544 post type-post status-publish format-standard hentry category-blog-medios tag-derecho-negocios\">\n\t\t\t\t<div class=\"elementor-post__text\">\n\t\t\t\t<h3 class=\"elementor-post__title\">\n\t\t\t<a href=\"https:\/\/derechoynegocios.net\/impacto-del-grado-de-inversion-en-el-desarrollo-economico-y-social\/\" target=\"&quot;_blank&quot;\">\n\t\t\t\tThe Impact of Investment Grades on Economic and Social Development\t\t\t<\/a>\n\t\t<\/h3>\n\t\t\t\t<div class=\"elementor-post__meta-data\">\n\t\t\t\t\t<span class=\"elementor-post-date\">\n\t\t\t12 de August de 2024\t\t<\/span>\n\t\t\t\t<\/div>\n\t\t\t\t<div class=\"elementor-post__excerpt\">\n\t\t\t<p>Paraguay\u2019s investment-grade rating represents a key step forward for its economic development. C\u00e9sar Addario notes that this rating provides access to financing on more favorable terms, which boosts public and private investment. He also emphasizes the importance of fiscal discipline and macroeconomic stability as key factors in attracting foreign capital and improving the population\u2019s quality of life.<\/p>\n\t\t<\/div>\n\t\t\n\t\t<a class=\"elementor-post__read-more\" href=\"https:\/\/derechoynegocios.net\/impacto-del-grado-de-inversion-en-el-desarrollo-economico-y-social\/\" target=\"_blank\">\n\t\t\tRead the full article\t\t<\/a>\n\n\t\t\t\t<\/div>\n\t\t\t\t<\/article>\n\t\t\t\t<article class=\"elementor-post elementor-grid-item post-3546 post type-post status-publish format-standard hentry category-blog-medios tag-derecho-negocios\">\n\t\t\t\t<div class=\"elementor-post__text\">\n\t\t\t\t<h3 class=\"elementor-post__title\">\n\t\t\t<a href=\"https:\/\/derechoynegocios.net\/cesar-addario-expone-sobre-el-papel-de-los-fondos-en-el-mercado-internacional-para-la-recuperacion-economica\/\" target=\"&quot;_blank&quot;\">\n\t\t\t\tThe Role of International Funds in Economic Recovery\t\t\t<\/a>\n\t\t<\/h3>\n\t\t\t\t<div class=\"elementor-post__meta-data\">\n\t\t\t\t\t<span class=\"elementor-post-date\">\n\t\t\t28 de January de 2021\t\t<\/span>\n\t\t\t\t<\/div>\n\t\t\t\t<div class=\"elementor-post__excerpt\">\n\t\t\t<p>Against the backdrop of the global economic recovery, C\u00e9sar Addario examines how international funds can serve as a catalyst for reviving economies affected by crises. He highlights the role of infrastructure investment and structured financing as key tools for driving growth. He also emphasizes the importance of connecting capital with strategic projects to strengthen regional competitiveness.<\/p>\n\t\t<\/div>\n\t\t\n\t\t<a class=\"elementor-post__read-more\" href=\"https:\/\/derechoynegocios.net\/cesar-addario-expone-sobre-el-papel-de-los-fondos-en-el-mercado-internacional-para-la-recuperacion-economica\/\" target=\"_blank\">\n\t\t\tRead the full article\t\t<\/a>\n\n\t\t\t\t<\/div>\n\t\t\t\t<\/article>\n\t\t\t\t<\/div>\n\n\n\t\t\n\t\t\t\t<\/div>\n\t\t\t\t<\/div>\n\t\t\t\t\t<\/div>\n\t\t<\/div>\n\t\t\t\t\t\t\t<\/div>\n\t\t<\/section>\n\t\t\t\t\t\t\t<\/div>","protected":false},"excerpt":{"rendered":"<p>Volver al inicio An\u00e1lisis en Medios An\u00e1lisis estrat\u00e9gico sobre institucionalidad, econom\u00eda y desarrollo publicados en medios especializados. Todos<\/p>","protected":false},"author":2,"featured_media":0,"parent":0,"menu_order":0,"comment_status":"closed","ping_status":"closed","template":"elementor_header_footer","meta":{"footnotes":"","_links_to":"","_links_to_target":""},"class_list":["post-3496","page","type-page","status-publish","hentry"],"acf":[],"yoast_head":"<!-- This site is optimized with the Yoast SEO plugin v19.12 - https:\/\/yoast.com\/wordpress\/plugins\/seo\/ -->\n<title>An\u00e1lisis de Medios - Derecho y Negocios - C\u00e9sar Addario<\/title>\n<meta name=\"description\" content=\"An\u00e1lisis estrat\u00e9gico sobre institucionalidad, econom\u00eda y desarrollo publicados en medio Forbes\" \/>\n<meta name=\"robots\" content=\"index, follow, max-snippet:-1, max-image-preview:large, max-video-preview:-1\" \/>\n<link rel=\"canonical\" href=\"https:\/\/www.cesaraddario.com\/analisis-de-medios-derecho-y-negocios\/\" \/>\n<meta property=\"og:locale\" content=\"en_US\" \/>\n<meta property=\"og:type\" content=\"article\" \/>\n<meta property=\"og:title\" content=\"An\u00e1lisis de Medios - Derecho y Negocios - C\u00e9sar Addario\" \/>\n<meta property=\"og:description\" content=\"An\u00e1lisis estrat\u00e9gico sobre institucionalidad, econom\u00eda y desarrollo publicados en medio Forbes\" \/>\n<meta property=\"og:url\" content=\"https:\/\/www.cesaraddario.com\/analisis-de-medios-derecho-y-negocios\/\" \/>\n<meta property=\"og:site_name\" content=\"C\u00e9sar Addario\" \/>\n<meta property=\"article:modified_time\" content=\"2026-03-20T06:23:18+00:00\" \/>\n<meta property=\"og:image\" content=\"https:\/\/www.cesaraddario.com\/wp-content\/uploads\/2026\/03\/forbes-logo.png\" \/>\n<meta name=\"twitter:card\" content=\"summary_large_image\" \/>\n<meta name=\"twitter:label1\" content=\"Est. reading time\" \/>\n\t<meta name=\"twitter:data1\" content=\"3 minutes\" \/>\n<script type=\"application\/ld+json\" class=\"yoast-schema-graph\">{\"@context\":\"https:\/\/schema.org\",\"@graph\":[{\"@type\":\"WebPage\",\"@id\":\"https:\/\/www.cesaraddario.com\/analisis-de-medios-derecho-y-negocios\/\",\"url\":\"https:\/\/www.cesaraddario.com\/analisis-de-medios-derecho-y-negocios\/\",\"name\":\"An\u00e1lisis de Medios - Derecho y Negocios - C\u00e9sar Addario\",\"isPartOf\":{\"@id\":\"https:\/\/www.cesaraddario.com\/#website\"},\"datePublished\":\"2026-03-20T05:44:09+00:00\",\"dateModified\":\"2026-03-20T06:23:18+00:00\",\"description\":\"An\u00e1lisis estrat\u00e9gico sobre institucionalidad, econom\u00eda y desarrollo publicados en medio Forbes\",\"inLanguage\":\"en-US\",\"potentialAction\":[{\"@type\":\"ReadAction\",\"target\":[\"https:\/\/www.cesaraddario.com\/analisis-de-medios-derecho-y-negocios\/\"]}]},{\"@type\":\"WebSite\",\"@id\":\"https:\/\/www.cesaraddario.com\/#website\",\"url\":\"https:\/\/www.cesaraddario.com\/\",\"name\":\"C\u00e9sar Addario\",\"description\":\"\",\"potentialAction\":[{\"@type\":\"SearchAction\",\"target\":{\"@type\":\"EntryPoint\",\"urlTemplate\":\"https:\/\/www.cesaraddario.com\/?s={search_term_string}\"},\"query-input\":\"required name=search_term_string\"}],\"inLanguage\":\"en-US\"}]}<\/script>\n<!-- \/ Yoast SEO plugin. -->","yoast_head_json":{"title":"An\u00e1lisis de Medios - Derecho y Negocios - C\u00e9sar Addario","description":"An\u00e1lisis estrat\u00e9gico sobre institucionalidad, econom\u00eda y desarrollo publicados en medio Forbes","robots":{"index":"index","follow":"follow","max-snippet":"max-snippet:-1","max-image-preview":"max-image-preview:large","max-video-preview":"max-video-preview:-1"},"canonical":"https:\/\/www.cesaraddario.com\/analisis-de-medios-derecho-y-negocios\/","og_locale":"en_US","og_type":"article","og_title":"An\u00e1lisis de Medios - Derecho y Negocios - C\u00e9sar Addario","og_description":"An\u00e1lisis estrat\u00e9gico sobre institucionalidad, econom\u00eda y desarrollo publicados en medio Forbes","og_url":"https:\/\/www.cesaraddario.com\/analisis-de-medios-derecho-y-negocios\/","og_site_name":"C\u00e9sar Addario","article_modified_time":"2026-03-20T06:23:18+00:00","og_image":[{"url":"https:\/\/www.cesaraddario.com\/wp-content\/uploads\/2026\/03\/forbes-logo.png"}],"twitter_card":"summary_large_image","twitter_misc":{"Est. reading time":"3 minutes"},"schema":{"@context":"https:\/\/schema.org","@graph":[{"@type":"WebPage","@id":"https:\/\/www.cesaraddario.com\/analisis-de-medios-derecho-y-negocios\/","url":"https:\/\/www.cesaraddario.com\/analisis-de-medios-derecho-y-negocios\/","name":"An\u00e1lisis de Medios - Derecho y Negocios - C\u00e9sar Addario","isPartOf":{"@id":"https:\/\/www.cesaraddario.com\/#website"},"datePublished":"2026-03-20T05:44:09+00:00","dateModified":"2026-03-20T06:23:18+00:00","description":"An\u00e1lisis estrat\u00e9gico sobre institucionalidad, econom\u00eda y desarrollo publicados en medio Forbes","inLanguage":"en-US","potentialAction":[{"@type":"ReadAction","target":["https:\/\/www.cesaraddario.com\/analisis-de-medios-derecho-y-negocios\/"]}]},{"@type":"WebSite","@id":"https:\/\/www.cesaraddario.com\/#website","url":"https:\/\/www.cesaraddario.com\/","name":"C\u00e9sar Addario","description":"","potentialAction":[{"@type":"SearchAction","target":{"@type":"EntryPoint","urlTemplate":"https:\/\/www.cesaraddario.com\/?s={search_term_string}"},"query-input":"required name=search_term_string"}],"inLanguage":"en-US"}]}},"_links":{"self":[{"href":"https:\/\/cesaraddario.com\/en\/wp-json\/wp\/v2\/pages\/3496","targetHints":{"allow":["GET"]}}],"collection":[{"href":"https:\/\/cesaraddario.com\/en\/wp-json\/wp\/v2\/pages"}],"about":[{"href":"https:\/\/cesaraddario.com\/en\/wp-json\/wp\/v2\/types\/page"}],"author":[{"embeddable":true,"href":"https:\/\/cesaraddario.com\/en\/wp-json\/wp\/v2\/users\/2"}],"replies":[{"embeddable":true,"href":"https:\/\/cesaraddario.com\/en\/wp-json\/wp\/v2\/comments?post=3496"}],"version-history":[{"count":13,"href":"https:\/\/cesaraddario.com\/en\/wp-json\/wp\/v2\/pages\/3496\/revisions"}],"predecessor-version":[{"id":3553,"href":"https:\/\/cesaraddario.com\/en\/wp-json\/wp\/v2\/pages\/3496\/revisions\/3553"}],"wp:attachment":[{"href":"https:\/\/cesaraddario.com\/en\/wp-json\/wp\/v2\/media?parent=3496"}],"curies":[{"name":"wp","href":"https:\/\/api.w.org\/{rel}","templated":true}]}}